{"id":47,"date":"2022-02-14T17:44:37","date_gmt":"2022-02-14T17:44:37","guid":{"rendered":"http:\/\/127.0.0.1\/?page_id=47"},"modified":"2026-01-26T09:21:58","modified_gmt":"2026-01-26T09:21:58","slug":"trabaja-con-nosotros","status":"publish","type":"page","link":"https:\/\/www.agorabcn.com\/es\/trabaja-con-nosotros\/","title":{"rendered":"Trabaja con nosotros"},"content":{"rendered":"\n<div class=\"wp-block-cover is-light\"><img loading=\"lazy\" decoding=\"async\" width=\"683\" height=\"1024\" class=\"wp-block-cover__image-background wp-image-32209 size-large\" alt=\"\" src=\"https:\/\/www.agorabcn.com\/wp-content\/uploads\/2026\/01\/Trabaja_portada-optimized-683x1024.webp\" style=\"object-position:48% 52%\" data-object-fit=\"cover\" data-object-position=\"48% 52%\" srcset=\"https:\/\/www.agorabcn.com\/wp-content\/uploads\/2026\/01\/Trabaja_portada-optimized-683x1024.webp 683w, https:\/\/www.agorabcn.com\/wp-content\/uploads\/2026\/01\/Trabaja_portada-optimized-768x1151.webp 768w, https:\/\/www.agorabcn.com\/wp-content\/uploads\/2026\/01\/Trabaja_portada-optimized-1025x1536.webp 1025w, https:\/\/www.agorabcn.com\/wp-content\/uploads\/2026\/01\/Trabaja_portada-optimized.webp 1281w\" sizes=\"auto, (max-width: 683px) 100vw, 683px\" \/><span aria-hidden=\"true\" class=\"wp-block-cover__background has-background-dim\" style=\"background-color:#a3b4a7\"><\/span><div class=\"wp-block-cover__inner-container is-layout-flow wp-block-cover-is-layout-flow\">\n<div class=\"wp-block-group wrapper\"><div class=\"wp-block-group__inner-container is-layout-flow wp-block-group-is-layout-flow\">\n<h1 class=\"wp-block-heading\" id=\"trabaja-con-nosotros\"><strong>Trabaja con nosotros<\/strong><\/h1>\n<\/div><\/div>\n<\/div><\/div>\n\n\n\n<div class=\"wp-block-group padding wrapper\"><div class=\"wp-block-group__inner-container is-layout-flow wp-block-group-is-layout-flow\">\n<h2 class=\"wp-block-heading has-text-align-center padding-bottom\" id=\"lorem-ipsum-dolor-sit-amet\"><strong>\u00danete a la familia \u00c0gora<\/strong><\/h2>\n\n\n\n<div class=\"wp-block-media-text alignwide is-stacked-on-mobile html\"><figure class=\"wp-block-media-text__media\"><img loading=\"lazy\" decoding=\"async\" width=\"1024\" height=\"683\" src=\"https:\/\/www.agorabcn.com\/wp-content\/uploads\/2026\/01\/Quienes_somos_jardin-1024x683.webp\" alt=\"\" class=\"wp-image-32180 size-full\" srcset=\"https:\/\/www.agorabcn.com\/wp-content\/uploads\/2026\/01\/Quienes_somos_jardin-1024x683.webp 1024w, https:\/\/www.agorabcn.com\/wp-content\/uploads\/2026\/01\/Quienes_somos_jardin-768x512.webp 768w, https:\/\/www.agorabcn.com\/wp-content\/uploads\/2026\/01\/Quienes_somos_jardin-1536x1025.webp 1536w, https:\/\/www.agorabcn.com\/wp-content\/uploads\/2026\/01\/Quienes_somos_jardin.webp 1920w\" sizes=\"auto, (max-width: 1024px) 100vw, 1024px\" \/><\/figure><div class=\"wp-block-media-text__content\">\n<p>\u00bfTe gustar\u00eda formar parte de un grupo de empresas dedicadas a la formaci\u00f3n y a ofrecer servicios de hoteler\u00eda y turismo de calidad, desde hace m\u00e1s de 40 a\u00f1os?<\/p>\n\n\n\n<p>Comparte tu talento, conocimiento y entusiasmo en una organizaci\u00f3n donde tendr\u00e1s la posibilidad de desarrollar tu trayectoria profesional de acuerdo con tus capacidades e inquietudes.<\/p>\n\n\n\n<p>Disfruta trabajando con excelentes profesionales del turismo en un ambiente internacional.<\/p>\n\n\n\n<p>Demuestra tu capacidad y voluntad de contribuir en la formaci\u00f3n de las nuevas generaciones de profesionales del sector.<\/p>\n\n\n\n<p>Ay\u00fadanos a seguir construyendo el futuro del turismo. Env\u00edanos tus datos para futuras oportunidades. <\/p>\n\n\n\n<p>Tus datos se archivar\u00e1n en la base de datos del Grupo CETT durante cinco a\u00f1os, si despu\u00e9s de este periodo no haces ninguna modificaci\u00f3n o actualizaci\u00f3n de tu CV se eliminar\u00e1.<\/p>\n\n\n\n<p class=\"btn\"><a href=\"https:\/\/careers.agorabcn.cat\/jobs_preview\" target=\"_blank\" rel=\"noreferrer noopener\">ver ofertas de trabajo<\/a><\/p>\n<\/div><\/div>\n<\/div><\/div>\n","protected":false},"excerpt":{"rendered":"<p>\u00danete a la familia \u00c0gora \u00bfTe gustar\u00eda formar parte de un grupo de empresas dedicadas a la formaci\u00f3n y a ofrecer servicios de hoteler\u00eda y turismo de calidad, desde hace m\u00e1s de 40 a\u00f1os? Comparte tu talento, conocimiento y entusiasmo en una organizaci\u00f3n donde tendr\u00e1s la posibilidad de desarrollar tu trayectoria profesional de acuerdo con [&hellip;]<\/p>\n","protected":false},"author":1,"featured_media":0,"parent":0,"menu_order":0,"comment_status":"closed","ping_status":"closed","template":"","meta":{"_acf_changed":false,"footnotes":""},"class_list":["post-47","page","type-page","status-publish","hentry"],"acf":[],"yoast_head":"<!-- This site is optimized with the Yoast SEO plugin v27.4 - https:\/\/yoast.com\/product\/yoast-seo-wordpress\/ -->\n<title>Trabaja con nosotros - \u00c0gora BCN<\/title>\n<meta name=\"description\" content=\"\u00bfTe gustar\u00eda formar parte de un grupo de empresas dedicadas a la formaci\u00f3n y a ofrecer servicios de hoteler\u00eda y turismo de calidad?\" \/>\n<meta name=\"robots\" content=\"index, follow, max-snippet:-1, max-image-preview:large, max-video-preview:-1\" \/>\n<link rel=\"canonical\" href=\"https:\/\/www.agorabcn.com\/es\/trabaja-con-nosotros\/\" \/>\n<meta property=\"og:locale\" content=\"es_ES\" \/>\n<meta property=\"og:type\" content=\"article\" \/>\n<meta property=\"og:title\" content=\"Trabaja con nosotros - \u00c0gora BCN\" \/>\n<meta property=\"og:description\" content=\"\u00bfTe gustar\u00eda formar parte de un grupo de empresas dedicadas a la formaci\u00f3n y a ofrecer servicios de hoteler\u00eda y turismo de calidad?\" \/>\n<meta property=\"og:url\" content=\"https:\/\/www.agorabcn.com\/es\/trabaja-con-nosotros\/\" \/>\n<meta property=\"og:site_name\" content=\"\u00c0gora BCN\" \/>\n<meta property=\"article:modified_time\" content=\"2026-01-26T09:21:58+00:00\" \/>\n<meta property=\"og:image\" content=\"https:\/\/www.agorabcn.com\/wp-content\/uploads\/2026\/01\/Trabaja_portada-optimized-683x1024.webp\" \/>\n<meta name=\"twitter:card\" content=\"summary_large_image\" \/>\n<meta name=\"twitter:label1\" content=\"Tiempo de lectura\" \/>\n\t<meta name=\"twitter:data1\" content=\"2 minutos\" \/>\n<script type=\"application\/ld+json\" class=\"yoast-schema-graph\">{\"@context\":\"https:\\\/\\\/schema.org\",\"@graph\":[{\"@type\":\"WebPage\",\"@id\":\"https:\\\/\\\/www.agorabcn.com\\\/es\\\/trabaja-con-nosotros\\\/\",\"url\":\"https:\\\/\\\/www.agorabcn.com\\\/es\\\/trabaja-con-nosotros\\\/\",\"name\":\"Trabaja con nosotros - \u00c0gora BCN\",\"isPartOf\":{\"@id\":\"https:\\\/\\\/www.agorabcn.com\\\/es\\\/#website\"},\"primaryImageOfPage\":{\"@id\":\"https:\\\/\\\/www.agorabcn.com\\\/es\\\/trabaja-con-nosotros\\\/#primaryimage\"},\"image\":{\"@id\":\"https:\\\/\\\/www.agorabcn.com\\\/es\\\/trabaja-con-nosotros\\\/#primaryimage\"},\"thumbnailUrl\":\"https:\\\/\\\/www.agorabcn.com\\\/wp-content\\\/uploads\\\/2026\\\/01\\\/Trabaja_portada-optimized-683x1024.webp\",\"datePublished\":\"2022-02-14T17:44:37+00:00\",\"dateModified\":\"2026-01-26T09:21:58+00:00\",\"description\":\"\u00bfTe gustar\u00eda formar parte de un grupo de empresas dedicadas a la formaci\u00f3n y a ofrecer servicios de hoteler\u00eda y turismo de calidad?\",\"breadcrumb\":{\"@id\":\"https:\\\/\\\/www.agorabcn.com\\\/es\\\/trabaja-con-nosotros\\\/#breadcrumb\"},\"inLanguage\":\"es\",\"potentialAction\":[{\"@type\":\"ReadAction\",\"target\":[\"https:\\\/\\\/www.agorabcn.com\\\/es\\\/trabaja-con-nosotros\\\/\"]}]},{\"@type\":\"ImageObject\",\"inLanguage\":\"es\",\"@id\":\"https:\\\/\\\/www.agorabcn.com\\\/es\\\/trabaja-con-nosotros\\\/#primaryimage\",\"url\":\"https:\\\/\\\/www.agorabcn.com\\\/wp-content\\\/uploads\\\/2026\\\/01\\\/Trabaja_portada-optimized-683x1024.webp\",\"contentUrl\":\"https:\\\/\\\/www.agorabcn.com\\\/wp-content\\\/uploads\\\/2026\\\/01\\\/Trabaja_portada-optimized-683x1024.webp\"},{\"@type\":\"BreadcrumbList\",\"@id\":\"https:\\\/\\\/www.agorabcn.com\\\/es\\\/trabaja-con-nosotros\\\/#breadcrumb\",\"itemListElement\":[{\"@type\":\"ListItem\",\"position\":1,\"name\":\"Portada\",\"item\":\"https:\\\/\\\/www.agorabcn.com\\\/es\\\/\"},{\"@type\":\"ListItem\",\"position\":2,\"name\":\"Trabaja con nosotros\"}]},{\"@type\":\"WebSite\",\"@id\":\"https:\\\/\\\/www.agorabcn.com\\\/es\\\/#website\",\"url\":\"https:\\\/\\\/www.agorabcn.com\\\/es\\\/\",\"name\":\"\u00c0gora BCN\",\"description\":\"Residencia universitaria internacional en Barcelona\",\"potentialAction\":[{\"@type\":\"SearchAction\",\"target\":{\"@type\":\"EntryPoint\",\"urlTemplate\":\"https:\\\/\\\/www.agorabcn.com\\\/es\\\/?s={search_term_string}\"},\"query-input\":{\"@type\":\"PropertyValueSpecification\",\"valueRequired\":true,\"valueName\":\"search_term_string\"}}],\"inLanguage\":\"es\"}]}<\/script>\n<!-- \/ Yoast SEO plugin. -->","yoast_head_json":{"title":"Trabaja con nosotros - \u00c0gora BCN","description":"\u00bfTe gustar\u00eda formar parte de un grupo de empresas dedicadas a la formaci\u00f3n y a ofrecer servicios de hoteler\u00eda y turismo de calidad?","robots":{"index":"index","follow":"follow","max-snippet":"max-snippet:-1","max-image-preview":"max-image-preview:large","max-video-preview":"max-video-preview:-1"},"canonical":"https:\/\/www.agorabcn.com\/es\/trabaja-con-nosotros\/","og_locale":"es_ES","og_type":"article","og_title":"Trabaja con nosotros - \u00c0gora BCN","og_description":"\u00bfTe gustar\u00eda formar parte de un grupo de empresas dedicadas a la formaci\u00f3n y a ofrecer servicios de hoteler\u00eda y turismo de calidad?","og_url":"https:\/\/www.agorabcn.com\/es\/trabaja-con-nosotros\/","og_site_name":"\u00c0gora BCN","article_modified_time":"2026-01-26T09:21:58+00:00","og_image":[{"url":"https:\/\/www.agorabcn.com\/wp-content\/uploads\/2026\/01\/Trabaja_portada-optimized-683x1024.webp","type":"","width":"","height":""}],"twitter_card":"summary_large_image","twitter_misc":{"Tiempo de lectura":"2 minutos"},"schema":{"@context":"https:\/\/schema.org","@graph":[{"@type":"WebPage","@id":"https:\/\/www.agorabcn.com\/es\/trabaja-con-nosotros\/","url":"https:\/\/www.agorabcn.com\/es\/trabaja-con-nosotros\/","name":"Trabaja con nosotros - \u00c0gora BCN","isPartOf":{"@id":"https:\/\/www.agorabcn.com\/es\/#website"},"primaryImageOfPage":{"@id":"https:\/\/www.agorabcn.com\/es\/trabaja-con-nosotros\/#primaryimage"},"image":{"@id":"https:\/\/www.agorabcn.com\/es\/trabaja-con-nosotros\/#primaryimage"},"thumbnailUrl":"https:\/\/www.agorabcn.com\/wp-content\/uploads\/2026\/01\/Trabaja_portada-optimized-683x1024.webp","datePublished":"2022-02-14T17:44:37+00:00","dateModified":"2026-01-26T09:21:58+00:00","description":"\u00bfTe gustar\u00eda formar parte de un grupo de empresas dedicadas a la formaci\u00f3n y a ofrecer servicios de hoteler\u00eda y turismo de calidad?","breadcrumb":{"@id":"https:\/\/www.agorabcn.com\/es\/trabaja-con-nosotros\/#breadcrumb"},"inLanguage":"es","potentialAction":[{"@type":"ReadAction","target":["https:\/\/www.agorabcn.com\/es\/trabaja-con-nosotros\/"]}]},{"@type":"ImageObject","inLanguage":"es","@id":"https:\/\/www.agorabcn.com\/es\/trabaja-con-nosotros\/#primaryimage","url":"https:\/\/www.agorabcn.com\/wp-content\/uploads\/2026\/01\/Trabaja_portada-optimized-683x1024.webp","contentUrl":"https:\/\/www.agorabcn.com\/wp-content\/uploads\/2026\/01\/Trabaja_portada-optimized-683x1024.webp"},{"@type":"BreadcrumbList","@id":"https:\/\/www.agorabcn.com\/es\/trabaja-con-nosotros\/#breadcrumb","itemListElement":[{"@type":"ListItem","position":1,"name":"Portada","item":"https:\/\/www.agorabcn.com\/es\/"},{"@type":"ListItem","position":2,"name":"Trabaja con nosotros"}]},{"@type":"WebSite","@id":"https:\/\/www.agorabcn.com\/es\/#website","url":"https:\/\/www.agorabcn.com\/es\/","name":"\u00c0gora BCN","description":"Residencia universitaria internacional en Barcelona","potentialAction":[{"@type":"SearchAction","target":{"@type":"EntryPoint","urlTemplate":"https:\/\/www.agorabcn.com\/es\/?s={search_term_string}"},"query-input":{"@type":"PropertyValueSpecification","valueRequired":true,"valueName":"search_term_string"}}],"inLanguage":"es"}]}},"_links":{"self":[{"href":"https:\/\/www.agorabcn.com\/es\/wp-json\/wp\/v2\/pages\/47","targetHints":{"allow":["GET"]}}],"collection":[{"href":"https:\/\/www.agorabcn.com\/es\/wp-json\/wp\/v2\/pages"}],"about":[{"href":"https:\/\/www.agorabcn.com\/es\/wp-json\/wp\/v2\/types\/page"}],"author":[{"embeddable":true,"href":"https:\/\/www.agorabcn.com\/es\/wp-json\/wp\/v2\/users\/1"}],"replies":[{"embeddable":true,"href":"https:\/\/www.agorabcn.com\/es\/wp-json\/wp\/v2\/comments?post=47"}],"version-history":[{"count":6,"href":"https:\/\/www.agorabcn.com\/es\/wp-json\/wp\/v2\/pages\/47\/revisions"}],"predecessor-version":[{"id":32211,"href":"https:\/\/www.agorabcn.com\/es\/wp-json\/wp\/v2\/pages\/47\/revisions\/32211"}],"wp:attachment":[{"href":"https:\/\/www.agorabcn.com\/es\/wp-json\/wp\/v2\/media?parent=47"}],"curies":[{"name":"wp","href":"https:\/\/api.w.org\/{rel}","templated":true}]}}