{"id":26,"date":"2022-02-14T13:18:31","date_gmt":"2022-02-14T13:18:31","guid":{"rendered":"http:\/\/127.0.0.1\/?page_id=26"},"modified":"2026-01-26T09:16:08","modified_gmt":"2026-01-26T09:16:08","slug":"alojamientos","status":"publish","type":"page","link":"https:\/\/www.agorabcn.com\/es\/alojamientos\/","title":{"rendered":"Alojamientos"},"content":{"rendered":"\n<div class=\"wp-block-cover is-light\"><img loading=\"lazy\" decoding=\"async\" width=\"1366\" height=\"724\" class=\"wp-block-cover__image-background wp-image-1324\" alt=\"\" src=\"http:\/\/13.36.145.80\/wp-content\/uploads\/2022\/03\/Header-1.jpg\" style=\"object-position:49% 24%\" data-object-fit=\"cover\" data-object-position=\"49% 24%\" srcset=\"https:\/\/www.agorabcn.com\/wp-content\/uploads\/2022\/03\/Header-1.jpg 1366w, https:\/\/www.agorabcn.com\/wp-content\/uploads\/2022\/03\/Header-1-1024x543.jpg 1024w, https:\/\/www.agorabcn.com\/wp-content\/uploads\/2022\/03\/Header-1-768x407.jpg 768w\" sizes=\"auto, (max-width: 1366px) 100vw, 1366px\" \/><span aria-hidden=\"true\" class=\"wp-block-cover__background has-background-dim\"><\/span><div class=\"wp-block-cover__inner-container is-layout-flow wp-block-cover-is-layout-flow\">\n<div class=\"wp-block-group wrapper\"><div class=\"wp-block-group__inner-container is-layout-flow wp-block-group-is-layout-flow\">\n<h1 class=\"wp-block-heading\" id=\"solo-o-en-grupo-tenemos-espacios-para-ti\">Solo o en grupo, tenemos <strong>Espacios para ti<\/strong><\/h1>\n\n\n\n<ul class=\"wp-block-list\">\n<li><a href=\"#estudiantes\">Estudiantes<\/a><\/li>\n\n\n\n<li><a href=\"#grupos\">Grupos<\/a><\/li>\n\n\n\n<li><a href=\"#profesores\">Profesores<\/a><\/li>\n\n\n\n<li><a href=\"#grupos-deportivos\">Grupos deportivos<\/a><\/li>\n<\/ul>\n<\/div><\/div>\n<\/div><\/div>\n\n\n\n<div class=\"wp-block-media-text alignwide has-media-on-the-right is-stacked-on-mobile wrapper padding html\" id=\"estudiantes\"><div class=\"wp-block-media-text__content\">\n<h2 class=\"wp-block-heading\" id=\"estudiantes\">Estudiantes<\/h2>\n\n\n\n<p>Vive en \u00c0gora BCN esta etapa universitaria \u00fanica. Tenemos todo lo necesario para que aproveches tu tiempo de estudio al m\u00e1ximo y saques los mejores resultados. En tu tiempo libre disfruta junto a otros estudiantes, nacionales e internacionales, en las diferentes zonas de ocio de la residencia: terraza, jard\u00edn, sala recreativa, sala de m\u00fasica, zonas deportivas y muchas m\u00e1s.<\/p>\n\n\n\n<p class=\"btn\"><a href=\"https:\/\/www.agorabcn.com\/es\/habitaciones-y-tarifas\/\">Elige tu habitaci\u00f3n<\/a><\/p>\n<\/div><figure class=\"wp-block-media-text__media\"><img loading=\"lazy\" decoding=\"async\" width=\"1024\" height=\"769\" src=\"https:\/\/www.agorabcn.com\/wp-content\/uploads\/2026\/01\/Estudiantes.jpg\" alt=\"\" class=\"wp-image-32194 size-full\" srcset=\"https:\/\/www.agorabcn.com\/wp-content\/uploads\/2026\/01\/Estudiantes.jpg 1024w, https:\/\/www.agorabcn.com\/wp-content\/uploads\/2026\/01\/Estudiantes-768x577.jpg 768w\" sizes=\"auto, (max-width: 1024px) 100vw, 1024px\" \/><\/figure><\/div>\n\n\n\n<div class=\"wp-block-media-text alignwide is-stacked-on-mobile wrapper padding html\" id=\"grupos\"><figure class=\"wp-block-media-text__media\"><img loading=\"lazy\" decoding=\"async\" width=\"1024\" height=\"769\" src=\"https:\/\/www.agorabcn.com\/wp-content\/uploads\/2022\/03\/imagenes-web-agoraGrupos.jpg\" alt=\"\" class=\"wp-image-1205 size-full\" srcset=\"https:\/\/www.agorabcn.com\/wp-content\/uploads\/2022\/03\/imagenes-web-agoraGrupos.jpg 1024w, https:\/\/www.agorabcn.com\/wp-content\/uploads\/2022\/03\/imagenes-web-agoraGrupos-768x577.jpg 768w\" sizes=\"auto, (max-width: 1024px) 100vw, 1024px\" \/><\/figure><div class=\"wp-block-media-text__content\">\n<h2 class=\"wp-block-heading\" id=\"estudiantes\">Grupos<\/h2>\n\n\n\n<p>Si sois un grupo de intercambio, de viaje acad\u00e9mico o asist\u00eds a alg\u00fan evento, nuestra residencia dispone de 220 habitaciones y es la indicada para adaptarse y cubrir vuestras necesidades. Disfrutad de esta experiencia inigualable.<\/p>\n\n\n\n<p class=\"btn\"><a href=\"https:\/\/www.agorabcn.com\/es\/habitaciones-y-tarifas\/\">Elige tu habitaci\u00f3n<\/a><\/p>\n<\/div><\/div>\n\n\n\n<div class=\"wp-block-media-text alignwide has-media-on-the-right is-stacked-on-mobile wrapper padding html\" id=\"profesores\"><div class=\"wp-block-media-text__content\">\n<h2 class=\"wp-block-heading\" id=\"estudiantes\">Profesores<\/h2>\n\n\n\n<p>Disfruta de tu estancia en Barcelona y reserva con nosotros una habitaci\u00f3n c\u00f3moda y bien ubicada. A tan solo 5 minutos del campus CETT y 15 minutos del centro de la ciudad. Conc\u00e9ntrate en tu trabajo y deja en nuestras manos los servicios de limpieza y cocina.<\/p>\n\n\n\n<p class=\"btn\"><a href=\"https:\/\/www.agorabcn.com\/es\/habitaciones-y-tarifas\/\">Elige tu habitaci\u00f3n<\/a><\/p>\n<\/div><figure class=\"wp-block-media-text__media\"><img loading=\"lazy\" decoding=\"async\" width=\"1024\" height=\"769\" src=\"https:\/\/www.agorabcn.com\/wp-content\/uploads\/2026\/01\/profesores.jpg\" alt=\"\" class=\"wp-image-32193 size-full\" srcset=\"https:\/\/www.agorabcn.com\/wp-content\/uploads\/2026\/01\/profesores.jpg 1024w, https:\/\/www.agorabcn.com\/wp-content\/uploads\/2026\/01\/profesores-768x577.jpg 768w\" sizes=\"auto, (max-width: 1024px) 100vw, 1024px\" \/><\/figure><\/div>\n\n\n\n<div class=\"wp-block-media-text alignwide is-stacked-on-mobile wrapper padding html\" id=\"grupos-deportivos\"><figure class=\"wp-block-media-text__media\"><img loading=\"lazy\" decoding=\"async\" width=\"1024\" height=\"769\" src=\"https:\/\/www.agorabcn.com\/wp-content\/uploads\/2022\/04\/imagenes-web-agoradeportivo_optimized-2.jpg\" alt=\"\" class=\"wp-image-1595 size-full\" srcset=\"https:\/\/www.agorabcn.com\/wp-content\/uploads\/2022\/04\/imagenes-web-agoradeportivo_optimized-2.jpg 1024w, https:\/\/www.agorabcn.com\/wp-content\/uploads\/2022\/04\/imagenes-web-agoradeportivo_optimized-2-768x577.jpg 768w\" sizes=\"auto, (max-width: 1024px) 100vw, 1024px\" \/><\/figure><div class=\"wp-block-media-text__content\">\n<h2 class=\"wp-block-heading\" id=\"estudiantes\">Grupos deportivos<\/h2>\n\n\n\n<p>Tanto si ven\u00eds por un torneo o para entrenar, os ofrecemos planes y estancias flexibles para grupos deportivos. Adem\u00e1s de aprovechar todas las comodidades de nuestra residencia, podr\u00e9is disfrutar de un gimnasio abierto las 24 horas y una pista polideportiva para que no os perd\u00e1is ning\u00fan entrenamiento. Por otro lado, nuestro restaurante ofrece una amplia variedad de platos saludables y equilibrados, con la posibilidad de adaptar la dieta a todo tipo de deportistas.<\/p>\n\n\n\n<p class=\"btn\"><a href=\"https:\/\/www.agorabcn.com\/es\/habitaciones-y-tarifas\/\">Elige tu habitaci\u00f3n<\/a><\/p>\n<\/div><\/div>\n","protected":false},"excerpt":{"rendered":"<p>Estudiantes Vive en \u00c0gora BCN esta etapa universitaria \u00fanica. Tenemos todo lo necesario para que aproveches tu tiempo de estudio al m\u00e1ximo y saques los mejores resultados. En tu tiempo libre disfruta junto a otros estudiantes, nacionales e internacionales, en las diferentes zonas de ocio de la residencia: terraza, jard\u00edn, sala recreativa, sala de m\u00fasica, [&hellip;]<\/p>\n","protected":false},"author":1,"featured_media":0,"parent":0,"menu_order":0,"comment_status":"closed","ping_status":"closed","template":"","meta":{"_acf_changed":false,"footnotes":""},"class_list":["post-26","page","type-page","status-publish","hentry"],"acf":[],"yoast_head":"<!-- This site is optimized with the Yoast SEO plugin v27.3 - https:\/\/yoast.com\/product\/yoast-seo-wordpress\/ -->\n<title>Alojamientos - \u00c0gora BCN<\/title>\n<meta name=\"description\" content=\"En la residencia universitaria \u00c0gora ofrecemos a los estudiantes y profesores toda clase de habitaciones. Consulta toda la informaci\u00f3n aqu\u00ed.\" \/>\n<meta name=\"robots\" content=\"index, follow, max-snippet:-1, max-image-preview:large, max-video-preview:-1\" \/>\n<link rel=\"canonical\" href=\"https:\/\/www.agorabcn.com\/es\/alojamientos\/\" \/>\n<meta property=\"og:locale\" content=\"es_ES\" \/>\n<meta property=\"og:type\" content=\"article\" \/>\n<meta property=\"og:title\" content=\"Alojamientos - \u00c0gora BCN\" \/>\n<meta property=\"og:description\" content=\"En la residencia universitaria \u00c0gora ofrecemos a los estudiantes y profesores toda clase de habitaciones. Consulta toda la informaci\u00f3n aqu\u00ed.\" \/>\n<meta property=\"og:url\" content=\"https:\/\/www.agorabcn.com\/es\/alojamientos\/\" \/>\n<meta property=\"og:site_name\" content=\"\u00c0gora BCN\" \/>\n<meta property=\"article:modified_time\" content=\"2026-01-26T09:16:08+00:00\" \/>\n<meta property=\"og:image\" content=\"http:\/\/13.36.145.80\/wp-content\/uploads\/2022\/03\/Header-1.jpg\" \/>\n<meta name=\"twitter:card\" content=\"summary_large_image\" \/>\n<meta name=\"twitter:label1\" content=\"Tiempo de lectura\" \/>\n\t<meta name=\"twitter:data1\" content=\"3 minutos\" \/>\n<script type=\"application\/ld+json\" class=\"yoast-schema-graph\">{\"@context\":\"https:\\\/\\\/schema.org\",\"@graph\":[{\"@type\":\"WebPage\",\"@id\":\"https:\\\/\\\/www.agorabcn.com\\\/es\\\/alojamientos\\\/\",\"url\":\"https:\\\/\\\/www.agorabcn.com\\\/es\\\/alojamientos\\\/\",\"name\":\"Alojamientos - \u00c0gora BCN\",\"isPartOf\":{\"@id\":\"https:\\\/\\\/www.agorabcn.com\\\/es\\\/#website\"},\"primaryImageOfPage\":{\"@id\":\"https:\\\/\\\/www.agorabcn.com\\\/es\\\/alojamientos\\\/#primaryimage\"},\"image\":{\"@id\":\"https:\\\/\\\/www.agorabcn.com\\\/es\\\/alojamientos\\\/#primaryimage\"},\"thumbnailUrl\":\"http:\\\/\\\/13.36.145.80\\\/wp-content\\\/uploads\\\/2022\\\/03\\\/Header-1.jpg\",\"datePublished\":\"2022-02-14T13:18:31+00:00\",\"dateModified\":\"2026-01-26T09:16:08+00:00\",\"description\":\"En la residencia universitaria \u00c0gora ofrecemos a los estudiantes y profesores toda clase de habitaciones. Consulta toda la informaci\u00f3n aqu\u00ed.\",\"breadcrumb\":{\"@id\":\"https:\\\/\\\/www.agorabcn.com\\\/es\\\/alojamientos\\\/#breadcrumb\"},\"inLanguage\":\"es\",\"potentialAction\":[{\"@type\":\"ReadAction\",\"target\":[\"https:\\\/\\\/www.agorabcn.com\\\/es\\\/alojamientos\\\/\"]}]},{\"@type\":\"ImageObject\",\"inLanguage\":\"es\",\"@id\":\"https:\\\/\\\/www.agorabcn.com\\\/es\\\/alojamientos\\\/#primaryimage\",\"url\":\"http:\\\/\\\/13.36.145.80\\\/wp-content\\\/uploads\\\/2022\\\/03\\\/Header-1.jpg\",\"contentUrl\":\"http:\\\/\\\/13.36.145.80\\\/wp-content\\\/uploads\\\/2022\\\/03\\\/Header-1.jpg\"},{\"@type\":\"BreadcrumbList\",\"@id\":\"https:\\\/\\\/www.agorabcn.com\\\/es\\\/alojamientos\\\/#breadcrumb\",\"itemListElement\":[{\"@type\":\"ListItem\",\"position\":1,\"name\":\"Portada\",\"item\":\"https:\\\/\\\/www.agorabcn.com\\\/es\\\/\"},{\"@type\":\"ListItem\",\"position\":2,\"name\":\"Alojamientos\"}]},{\"@type\":\"WebSite\",\"@id\":\"https:\\\/\\\/www.agorabcn.com\\\/es\\\/#website\",\"url\":\"https:\\\/\\\/www.agorabcn.com\\\/es\\\/\",\"name\":\"\u00c0gora BCN\",\"description\":\"Residencia universitaria internacional en Barcelona\",\"potentialAction\":[{\"@type\":\"SearchAction\",\"target\":{\"@type\":\"EntryPoint\",\"urlTemplate\":\"https:\\\/\\\/www.agorabcn.com\\\/es\\\/?s={search_term_string}\"},\"query-input\":{\"@type\":\"PropertyValueSpecification\",\"valueRequired\":true,\"valueName\":\"search_term_string\"}}],\"inLanguage\":\"es\"}]}<\/script>\n<!-- \/ Yoast SEO plugin. -->","yoast_head_json":{"title":"Alojamientos - \u00c0gora BCN","description":"En la residencia universitaria \u00c0gora ofrecemos a los estudiantes y profesores toda clase de habitaciones. Consulta toda la informaci\u00f3n aqu\u00ed.","robots":{"index":"index","follow":"follow","max-snippet":"max-snippet:-1","max-image-preview":"max-image-preview:large","max-video-preview":"max-video-preview:-1"},"canonical":"https:\/\/www.agorabcn.com\/es\/alojamientos\/","og_locale":"es_ES","og_type":"article","og_title":"Alojamientos - \u00c0gora BCN","og_description":"En la residencia universitaria \u00c0gora ofrecemos a los estudiantes y profesores toda clase de habitaciones. Consulta toda la informaci\u00f3n aqu\u00ed.","og_url":"https:\/\/www.agorabcn.com\/es\/alojamientos\/","og_site_name":"\u00c0gora BCN","article_modified_time":"2026-01-26T09:16:08+00:00","og_image":[{"url":"http:\/\/13.36.145.80\/wp-content\/uploads\/2022\/03\/Header-1.jpg","type":"","width":"","height":""}],"twitter_card":"summary_large_image","twitter_misc":{"Tiempo de lectura":"3 minutos"},"schema":{"@context":"https:\/\/schema.org","@graph":[{"@type":"WebPage","@id":"https:\/\/www.agorabcn.com\/es\/alojamientos\/","url":"https:\/\/www.agorabcn.com\/es\/alojamientos\/","name":"Alojamientos - \u00c0gora BCN","isPartOf":{"@id":"https:\/\/www.agorabcn.com\/es\/#website"},"primaryImageOfPage":{"@id":"https:\/\/www.agorabcn.com\/es\/alojamientos\/#primaryimage"},"image":{"@id":"https:\/\/www.agorabcn.com\/es\/alojamientos\/#primaryimage"},"thumbnailUrl":"http:\/\/13.36.145.80\/wp-content\/uploads\/2022\/03\/Header-1.jpg","datePublished":"2022-02-14T13:18:31+00:00","dateModified":"2026-01-26T09:16:08+00:00","description":"En la residencia universitaria \u00c0gora ofrecemos a los estudiantes y profesores toda clase de habitaciones. Consulta toda la informaci\u00f3n aqu\u00ed.","breadcrumb":{"@id":"https:\/\/www.agorabcn.com\/es\/alojamientos\/#breadcrumb"},"inLanguage":"es","potentialAction":[{"@type":"ReadAction","target":["https:\/\/www.agorabcn.com\/es\/alojamientos\/"]}]},{"@type":"ImageObject","inLanguage":"es","@id":"https:\/\/www.agorabcn.com\/es\/alojamientos\/#primaryimage","url":"http:\/\/13.36.145.80\/wp-content\/uploads\/2022\/03\/Header-1.jpg","contentUrl":"http:\/\/13.36.145.80\/wp-content\/uploads\/2022\/03\/Header-1.jpg"},{"@type":"BreadcrumbList","@id":"https:\/\/www.agorabcn.com\/es\/alojamientos\/#breadcrumb","itemListElement":[{"@type":"ListItem","position":1,"name":"Portada","item":"https:\/\/www.agorabcn.com\/es\/"},{"@type":"ListItem","position":2,"name":"Alojamientos"}]},{"@type":"WebSite","@id":"https:\/\/www.agorabcn.com\/es\/#website","url":"https:\/\/www.agorabcn.com\/es\/","name":"\u00c0gora BCN","description":"Residencia universitaria internacional en Barcelona","potentialAction":[{"@type":"SearchAction","target":{"@type":"EntryPoint","urlTemplate":"https:\/\/www.agorabcn.com\/es\/?s={search_term_string}"},"query-input":{"@type":"PropertyValueSpecification","valueRequired":true,"valueName":"search_term_string"}}],"inLanguage":"es"}]}},"_links":{"self":[{"href":"https:\/\/www.agorabcn.com\/es\/wp-json\/wp\/v2\/pages\/26","targetHints":{"allow":["GET"]}}],"collection":[{"href":"https:\/\/www.agorabcn.com\/es\/wp-json\/wp\/v2\/pages"}],"about":[{"href":"https:\/\/www.agorabcn.com\/es\/wp-json\/wp\/v2\/types\/page"}],"author":[{"embeddable":true,"href":"https:\/\/www.agorabcn.com\/es\/wp-json\/wp\/v2\/users\/1"}],"replies":[{"embeddable":true,"href":"https:\/\/www.agorabcn.com\/es\/wp-json\/wp\/v2\/comments?post=26"}],"version-history":[{"count":6,"href":"https:\/\/www.agorabcn.com\/es\/wp-json\/wp\/v2\/pages\/26\/revisions"}],"predecessor-version":[{"id":32196,"href":"https:\/\/www.agorabcn.com\/es\/wp-json\/wp\/v2\/pages\/26\/revisions\/32196"}],"wp:attachment":[{"href":"https:\/\/www.agorabcn.com\/es\/wp-json\/wp\/v2\/media?parent=26"}],"curies":[{"name":"wp","href":"https:\/\/api.w.org\/{rel}","templated":true}]}}