{"id":12,"date":"2022-02-14T09:31:35","date_gmt":"2022-02-14T09:31:35","guid":{"rendered":"http:\/\/127.0.0.1\/?page_id=12"},"modified":"2022-04-20T10:43:35","modified_gmt":"2022-04-20T10:43:35","slug":"politica-de-privacidad","status":"publish","type":"page","link":"https:\/\/www.agorabcn.com\/es\/politica-de-privacidad\/","title":{"rendered":"Pol\u00edtica de Privacidad"},"content":{"rendered":"\n<h1 class=\"html wrapper padding has-x-large-font-size wp-block-heading\" style=\"font-style:normal;font-weight:700\"><br>Pol\u00edtica de Privacidad<\/h1>\n\n\n\n<p class=\"html wrapper\"><strong>Informaci\u00f3n general:<\/strong><\/p>\n\n\n\n<p class=\"html wrapper\">A los efectos de lo previsto en la Ley 34\/2002 de 11 de julio de Servicios de la Sociedad de la Informaci\u00f3n y del Comercio Electr\u00f3nico, (en adelante, la LSSICE), se pone en conocimiento del usuario, (en adelante, el USUARIO), que accede a esta p\u00e1gina web con los dominios,\u00a0<a href=\"https:\/\/www.agorabcn.com\/es\/\">www.agorabcn.com<\/a>\u00a0(en adelante, la WEB), cuya informaci\u00f3n sobre el prestador del servicio es:<\/p>\n\n\n\n<p class=\"html wrapper\">Denominaci\u00f3n social: Fundaci\u00f3 Gaspar Espu\u00f1a \u2013 CETT<br>Av. Can Marcet 36 38, 08035 Barcelona<br>CIF: G62294418<\/p>\n\n\n\n<p><p class=\"html wrapper\">Tel: 93 166 90 00<br>Correo-e: agora.info@cett.cat<\/p><br><\/p>\n\n\n\n<p class=\"html wrapper\"><strong>T\u00e9rminos y condiciones:<\/strong><\/p>\n\n\n\n<p class=\"html wrapper\">Los contenidos, actividades comerciales y servicios, en general, prestados &nbsp;a trav\u00e9s de la WEB est\u00e1n sometidos a los t\u00e9rminos y condiciones previstos en este \u201cAviso Legal\u201d (en adelante, el AVISO), y cumplen con la vigente legislaci\u00f3n espa\u00f1ola, en especial, con la mencionada LSSICE y el reglamento RGPD EU 2016\/679<\/p>\n\n\n\n<p class=\"html wrapper\">El Usuario acepta todos los t\u00e9rminos y condiciones recogidos en este AVISO al acceder a la web.<\/p>\n\n\n\n<p><p class=\"html wrapper\">En relaci\u00f3n con las im\u00e1genes de personas que aparecen en la WEB, Fundaci\u00f3 Gaspar Espu\u00f1a \u2013 CETT (en adelante FGE) las utiliza respetando el derecho a la propia imagen. Estas im\u00e1genes se utilizan exclusivamente con la finalidad de componer ficheros o videos gr\u00e1ficos, realizados para informar y dar a conocer la actividad de FGE. En ning\u00fan caso ser\u00e1n utilizados con otras finalidades ni cedidas a terceros sin la autorizaci\u00f3n correspondiente.<\/p><br><\/p>\n\n\n\n<p class=\"html wrapper\"><strong>Pol\u00edtica de privacidad y protecci\u00f3n de datos: &nbsp;<\/strong><\/p>\n\n\n\n<p class=\"html wrapper\">El suministro de cualquier dato de car\u00e1cter personal a trav\u00e9s de los distintos formularios de la WEB implica aceptar y consentir expresamente el tratamiento de los mismos en los t\u00e9rminos indicados y las finalidades descritas.<\/p>\n\n\n\n<p class=\"html wrapper\">En cumplimiento del RGPD EU 2016\/679 (Reglamento (EU) 2016\/679 del Parlamento Europeo y del Consejo del 27 de abril de 2016 relativo a la protecci\u00f3n de las personas f\u00edsicas en lo que respecta al tratamiento de datos personales y a la libre circulaci\u00f3n de estos datos y el reglamento y normativa vigente en protecci\u00f3n de datos de car\u00e1cter personal, le informamos que:<\/p>\n\n\n\n<p class=\"html wrapper\">a. La finalidad de la recogida y del tratamiento de los datos personales que nos faciliten ser\u00e1 la prestaci\u00f3n de los servicios solicitados.<\/p>\n\n\n\n<p class=\"html wrapper\">b. Los datos que nos facilite estar\u00e1n ubicados en los ficheros de FGE, ubicados dentro de la Uni\u00f3n Europea, garantizando FGE unos niveles de seguridad adecuados.<\/p>\n\n\n\n<p class=\"html wrapper\">c. La posibilidad de ejercer sus derechos de acceso, rectificaci\u00f3n, cancelaci\u00f3n y oposici\u00f3n, olvido, limitaci\u00f3n del tratamiento, portabilidad y a no ser objeto de decisiones individualizadas automatizadas, mediante solicitud escrita, dirigida al domicilio fiscal de FGE sito en:<\/p>\n\n\n\n<p class=\"html wrapper\">Fundaci\u00f3 Gaspar Espu\u00f1a \u2013 CETT<\/p>\n\n\n\n<p class=\"html wrapper\">Av. Can Marcet, 36-38 08035 BARCELONA<\/p>\n\n\n\n<p><p class=\"html wrapper\">d. A tales efectos, el interesado deber\u00e1 enviar la comunicaci\u00f3n escrita indicando la petici\u00f3n o derecho que ejercita junto con una copia de su DNI o documento v\u00e1lido en derecho que acredite su identidad, con el fin de identificarlo inequ\u00edvocamente.<\/p><br><\/p>\n\n\n\n<p class=\"html wrapper\"><strong>Derechos de propiedad intelectual:<\/strong><\/p>\n\n\n\n<p class=\"html wrapper\">El USUARIO reconoce y acepta que todos los derechos de propiedad intelectual sobre los Contenidos y\/o cualesquiera otros elementos insertados en la WEB, tales como marcas, logotipos, nombres comerciales, textos, im\u00e1genes, gr\u00e1ficos, dise\u00f1os, sonidos, bases de datos, entre otros, pertenecen a FGE.<\/p>\n\n\n\n<p><p class=\"html wrapper\">El uso de la WEB no confiere al USUARIO el derecho de alteraci\u00f3n, explotaci\u00f3n, reproducci\u00f3n, distribuci\u00f3n o comunicaci\u00f3n p\u00fablica de sus contenidos.<\/p><br><\/p>\n\n\n\n<p class=\"html wrapper\"><strong>Responsabilidad:<\/strong><\/p>\n\n\n\n<p><p class=\"html wrapper\">El USUARIO acepta que el uso de la WEB, de los contenidos y\/o de los servicios se lleva a cabo bajo su \u00fanica y exclusiva responsabilidad y que FGE no otorga ninguna garant\u00eda acerca de la disponibilidad y continuidad del funcionamiento del mismo, ni de los contenidos y\/o servicios que se incorporan.<\/p><br><\/p>\n\n\n\n<p class=\"html wrapper\"><strong>Pol\u00edtica de cookies:<\/strong><\/p>\n\n\n\n<p class=\"html wrapper\">FGE informa sobre el uso de cookies a las p\u00e1ginas web de su portal corporativo. Las cookies son archivos que se pueden descargar a su equipo a trav\u00e9s de las p\u00e1ginas web. Son herramientas fundamentales para poder ofrecer determinados servicios de la sociedad de la informaci\u00f3n. Entre otros, permiten que una p\u00e1gina WEB pueda recuperar informaci\u00f3n sobre los h\u00e1bitos de navegaci\u00f3n de un usuario o de les acciones realizadas des de un equipo determinado y, a partir de estos datos, poder reconocer el usuario y mejorar el servicio.<\/p>\n\n\n\n<p class=\"html wrapper\"><strong>Tipos de cookies:<\/strong>&nbsp;Seg\u00fan cu\u00e1l sea la entidad que gestione el dominio desde donde se env\u00edan, las cookies y trato de los datos obtenidos, podemos encontrar dos tipos: cookies propias i cookies de terceros. Tambi\u00e9n se pueden clasificar, seg\u00fan el plazo que est\u00e1n en el navegador del &nbsp;usuario, en cookies de sesi\u00f3n o cookies persistentes. Finalmente, las cookies se pueden agrupar en cinco grupos, atendiendo a la finalidad de les datos obtenidos: t\u00e9cnicos, de personalizaci\u00f3n, de an\u00e1lisis, publicitarias i de publicitad comportamental. Existe m\u00e1s informaci\u00f3n en la \u201c<a href=\"https:\/\/www.aepd.es\/sites\/default\/files\/2020-07\/guia-cookies.pdf\">Gu\u00eda sobre el uso de las cookies de la Agencia Espa\u00f1ola de Protecci\u00f3n de&nbsp;Datos<\/a>\u201d.<\/p>\n\n\n\n<p class=\"html wrapper\">La anal\u00edtica web permite conocer el n\u00famero de usuarios que acceden a la WEB, el n\u00famero de p\u00e1ginas visitadas, la frecuencia y repetici\u00f3n de las visitas, la duraci\u00f3n, el navegador utilizado, el operador que da el servicio, el idioma, el terminal que utiliza o la ciudad donde est\u00e1 asignado &nbsp;IP del interactor. Esa informaci\u00f3n posibilita un mejor servicio per parte de esta WEB.<\/p>\n\n\n\n<p><p class=\"html wrapper\">Aceptaci\u00f3n de la Pol\u00edtica de Cookies: FGE asume que todo visitante de la WEB acepta el uso de cookies.<\/p><br><\/p>\n\n\n\n<p class=\"html wrapper\"><strong>Ley aplicable y jurisdicci\u00f3n:<\/strong><\/p>\n\n\n\n<p><p class=\"html wrapper\" style=\"padding-bottom:50px;\">El contenido del presente aviso legal se regir\u00e1 de conformidad con la legislaci\u00f3n espa\u00f1ola. No obstante, si la normativa posibilita que las partes puedan renunciar a su fuero y someterse a otro, FGE y el Usuario, con renuncia expresa a cualquier otro fuero que pudiera corresponderles, se someten a los Juzgados y Tribunales de la ciudad de Barcelona.<\/p><\/p>\n","protected":false},"excerpt":{"rendered":"<p>Pol\u00edtica de Privacidad Informaci\u00f3n general: A los efectos de lo previsto en la Ley 34\/2002 de 11 de julio de Servicios de la Sociedad de la Informaci\u00f3n y del Comercio Electr\u00f3nico, (en adelante, la LSSICE), se pone en conocimiento del usuario, (en adelante, el USUARIO), que accede a esta p\u00e1gina web con los dominios,\u00a0www.agorabcn.com\u00a0(en adelante, [&hellip;]<\/p>\n","protected":false},"author":1,"featured_media":0,"parent":0,"menu_order":0,"comment_status":"closed","ping_status":"closed","template":"","meta":{"_acf_changed":false,"footnotes":""},"class_list":["post-12","page","type-page","status-publish","hentry"],"acf":[],"yoast_head":"<!-- This site is optimized with the Yoast SEO plugin v27.6 - https:\/\/yoast.com\/product\/yoast-seo-wordpress\/ -->\n<title>Pol\u00edtica de Privacidad - \u00c0gora BCN<\/title>\n<meta name=\"description\" content=\"Consulta aqu\u00ed toda la Pol\u00edtica de Privacidad de \u00c0gora BCN. \u00c0gora BCN cumple con todas las normativas vigentes.\" \/>\n<meta name=\"robots\" content=\"index, follow, max-snippet:-1, max-image-preview:large, max-video-preview:-1\" \/>\n<link rel=\"canonical\" href=\"https:\/\/www.agorabcn.com\/es\/politica-de-privacidad\/\" \/>\n<meta property=\"og:locale\" content=\"es_ES\" \/>\n<meta property=\"og:type\" content=\"article\" \/>\n<meta property=\"og:title\" content=\"Pol\u00edtica de Privacidad - \u00c0gora BCN\" \/>\n<meta property=\"og:description\" content=\"Consulta aqu\u00ed toda la Pol\u00edtica de Privacidad de \u00c0gora BCN. \u00c0gora BCN cumple con todas las normativas vigentes.\" \/>\n<meta property=\"og:url\" content=\"https:\/\/www.agorabcn.com\/es\/politica-de-privacidad\/\" \/>\n<meta property=\"og:site_name\" content=\"\u00c0gora BCN\" \/>\n<meta property=\"article:modified_time\" content=\"2022-04-20T10:43:35+00:00\" \/>\n<meta name=\"twitter:card\" content=\"summary_large_image\" \/>\n<meta name=\"twitter:label1\" content=\"Tiempo de lectura\" \/>\n\t<meta name=\"twitter:data1\" content=\"5 minutos\" \/>\n<script type=\"application\/ld+json\" class=\"yoast-schema-graph\">{\"@context\":\"https:\\\/\\\/schema.org\",\"@graph\":[{\"@type\":\"WebPage\",\"@id\":\"https:\\\/\\\/www.agorabcn.com\\\/es\\\/politica-de-privacidad\\\/\",\"url\":\"https:\\\/\\\/www.agorabcn.com\\\/es\\\/politica-de-privacidad\\\/\",\"name\":\"Pol\u00edtica de Privacidad - \u00c0gora BCN\",\"isPartOf\":{\"@id\":\"https:\\\/\\\/www.agorabcn.com\\\/es\\\/#website\"},\"datePublished\":\"2022-02-14T09:31:35+00:00\",\"dateModified\":\"2022-04-20T10:43:35+00:00\",\"description\":\"Consulta aqu\u00ed toda la Pol\u00edtica de Privacidad de \u00c0gora BCN. \u00c0gora BCN cumple con todas las normativas vigentes.\",\"breadcrumb\":{\"@id\":\"https:\\\/\\\/www.agorabcn.com\\\/es\\\/politica-de-privacidad\\\/#breadcrumb\"},\"inLanguage\":\"es\",\"potentialAction\":[{\"@type\":\"ReadAction\",\"target\":[\"https:\\\/\\\/www.agorabcn.com\\\/es\\\/politica-de-privacidad\\\/\"]}]},{\"@type\":\"BreadcrumbList\",\"@id\":\"https:\\\/\\\/www.agorabcn.com\\\/es\\\/politica-de-privacidad\\\/#breadcrumb\",\"itemListElement\":[{\"@type\":\"ListItem\",\"position\":1,\"name\":\"Portada\",\"item\":\"https:\\\/\\\/www.agorabcn.com\\\/es\\\/\"},{\"@type\":\"ListItem\",\"position\":2,\"name\":\"Pol\u00edtica de Privacidad\"}]},{\"@type\":\"WebSite\",\"@id\":\"https:\\\/\\\/www.agorabcn.com\\\/es\\\/#website\",\"url\":\"https:\\\/\\\/www.agorabcn.com\\\/es\\\/\",\"name\":\"\u00c0gora BCN\",\"description\":\"Residencia universitaria internacional en Barcelona\",\"potentialAction\":[{\"@type\":\"SearchAction\",\"target\":{\"@type\":\"EntryPoint\",\"urlTemplate\":\"https:\\\/\\\/www.agorabcn.com\\\/es\\\/?s={search_term_string}\"},\"query-input\":{\"@type\":\"PropertyValueSpecification\",\"valueRequired\":true,\"valueName\":\"search_term_string\"}}],\"inLanguage\":\"es\"}]}<\/script>\n<!-- \/ Yoast SEO plugin. -->","yoast_head_json":{"title":"Pol\u00edtica de Privacidad - \u00c0gora BCN","description":"Consulta aqu\u00ed toda la Pol\u00edtica de Privacidad de \u00c0gora BCN. \u00c0gora BCN cumple con todas las normativas vigentes.","robots":{"index":"index","follow":"follow","max-snippet":"max-snippet:-1","max-image-preview":"max-image-preview:large","max-video-preview":"max-video-preview:-1"},"canonical":"https:\/\/www.agorabcn.com\/es\/politica-de-privacidad\/","og_locale":"es_ES","og_type":"article","og_title":"Pol\u00edtica de Privacidad - \u00c0gora BCN","og_description":"Consulta aqu\u00ed toda la Pol\u00edtica de Privacidad de \u00c0gora BCN. \u00c0gora BCN cumple con todas las normativas vigentes.","og_url":"https:\/\/www.agorabcn.com\/es\/politica-de-privacidad\/","og_site_name":"\u00c0gora BCN","article_modified_time":"2022-04-20T10:43:35+00:00","twitter_card":"summary_large_image","twitter_misc":{"Tiempo de lectura":"5 minutos"},"schema":{"@context":"https:\/\/schema.org","@graph":[{"@type":"WebPage","@id":"https:\/\/www.agorabcn.com\/es\/politica-de-privacidad\/","url":"https:\/\/www.agorabcn.com\/es\/politica-de-privacidad\/","name":"Pol\u00edtica de Privacidad - \u00c0gora BCN","isPartOf":{"@id":"https:\/\/www.agorabcn.com\/es\/#website"},"datePublished":"2022-02-14T09:31:35+00:00","dateModified":"2022-04-20T10:43:35+00:00","description":"Consulta aqu\u00ed toda la Pol\u00edtica de Privacidad de \u00c0gora BCN. \u00c0gora BCN cumple con todas las normativas vigentes.","breadcrumb":{"@id":"https:\/\/www.agorabcn.com\/es\/politica-de-privacidad\/#breadcrumb"},"inLanguage":"es","potentialAction":[{"@type":"ReadAction","target":["https:\/\/www.agorabcn.com\/es\/politica-de-privacidad\/"]}]},{"@type":"BreadcrumbList","@id":"https:\/\/www.agorabcn.com\/es\/politica-de-privacidad\/#breadcrumb","itemListElement":[{"@type":"ListItem","position":1,"name":"Portada","item":"https:\/\/www.agorabcn.com\/es\/"},{"@type":"ListItem","position":2,"name":"Pol\u00edtica de Privacidad"}]},{"@type":"WebSite","@id":"https:\/\/www.agorabcn.com\/es\/#website","url":"https:\/\/www.agorabcn.com\/es\/","name":"\u00c0gora BCN","description":"Residencia universitaria internacional en Barcelona","potentialAction":[{"@type":"SearchAction","target":{"@type":"EntryPoint","urlTemplate":"https:\/\/www.agorabcn.com\/es\/?s={search_term_string}"},"query-input":{"@type":"PropertyValueSpecification","valueRequired":true,"valueName":"search_term_string"}}],"inLanguage":"es"}]}},"_links":{"self":[{"href":"https:\/\/www.agorabcn.com\/es\/wp-json\/wp\/v2\/pages\/12","targetHints":{"allow":["GET"]}}],"collection":[{"href":"https:\/\/www.agorabcn.com\/es\/wp-json\/wp\/v2\/pages"}],"about":[{"href":"https:\/\/www.agorabcn.com\/es\/wp-json\/wp\/v2\/types\/page"}],"author":[{"embeddable":true,"href":"https:\/\/www.agorabcn.com\/es\/wp-json\/wp\/v2\/users\/1"}],"replies":[{"embeddable":true,"href":"https:\/\/www.agorabcn.com\/es\/wp-json\/wp\/v2\/comments?post=12"}],"version-history":[{"count":5,"href":"https:\/\/www.agorabcn.com\/es\/wp-json\/wp\/v2\/pages\/12\/revisions"}],"predecessor-version":[{"id":1855,"href":"https:\/\/www.agorabcn.com\/es\/wp-json\/wp\/v2\/pages\/12\/revisions\/1855"}],"wp:attachment":[{"href":"https:\/\/www.agorabcn.com\/es\/wp-json\/wp\/v2\/media?parent=12"}],"curies":[{"name":"wp","href":"https:\/\/api.w.org\/{rel}","templated":true}]}}