{"id":11757,"date":"2025-04-30T13:34:40","date_gmt":"2025-04-30T13:34:40","guid":{"rendered":"https:\/\/www.agorabcn.com\/?page_id=11757"},"modified":"2026-03-04T09:06:59","modified_gmt":"2026-03-04T09:06:59","slug":"sostenibilidad","status":"publish","type":"page","link":"https:\/\/www.agorabcn.com\/es\/sostenibilidad\/","title":{"rendered":"Sostenibilidad de la Residencia"},"content":{"rendered":"\n<div class=\"wp-block-cover aligncenter is-light\"><img loading=\"lazy\" decoding=\"async\" width=\"1024\" height=\"683\" class=\"wp-block-cover__image-background wp-image-11758 size-large\" alt=\"\" src=\"https:\/\/www.agorabcn.com\/wp-content\/uploads\/2025\/04\/agora_bcn_capcalara-1024x683.webp\" data-object-fit=\"cover\" srcset=\"https:\/\/www.agorabcn.com\/wp-content\/uploads\/2025\/04\/agora_bcn_capcalara-1024x683.webp 1024w, https:\/\/www.agorabcn.com\/wp-content\/uploads\/2025\/04\/agora_bcn_capcalara-768x512.webp 768w, https:\/\/www.agorabcn.com\/wp-content\/uploads\/2025\/04\/agora_bcn_capcalara-1536x1024.webp 1536w, https:\/\/www.agorabcn.com\/wp-content\/uploads\/2025\/04\/agora_bcn_capcalara.webp 1920w\" sizes=\"auto, (max-width: 1024px) 100vw, 1024px\" \/><span aria-hidden=\"true\" class=\"wp-block-cover__background has-background-dim\" style=\"background-color:#8fa36e\"><\/span><div class=\"wp-block-cover__inner-container is-layout-flow wp-block-cover-is-layout-flow\">\n<div class=\"wp-block-group wrapper\"><div class=\"wp-block-group__inner-container is-layout-flow wp-block-group-is-layout-flow\">\n<h1 class=\"wp-block-heading\" id=\"quienes-somos\"><strong><strong><strong>Resid\u00e8ncia \u00c0gora: Comprometidos con la Sostenibilidad<\/strong><\/strong><\/strong><\/h1>\n<\/div><\/div>\n<\/div><\/div>\n\n\n\n<div style=\"height:100px\" aria-hidden=\"true\" class=\"wp-block-spacer\"><\/div>\n\n\n\n<div class=\"wp-block-columns is-layout-flex wp-container-core-columns-is-layout-9d6595d7 wp-block-columns-is-layout-flex\">\n<div class=\"wp-block-column is-layout-flow wp-block-column-is-layout-flow\" style=\"flex-basis:20%\"><\/div>\n\n\n\n<div class=\"wp-block-column is-layout-flow wp-block-column-is-layout-flow\">\n<p class=\"has-text-align-center padding-bottom has-medium-font-size\">En la Resid\u00e8ncia \u00c0gora, creemos firmemente en la importancia de la sostenibilidad y el cuidado del medio ambiente. Nuestro compromiso se refleja en cada aspecto de nuestras operaciones diarias, desde el uso eficiente de recursos hasta la implementaci\u00f3n de pr\u00e1cticas ecol\u00f3gicas innovadoras.<\/p>\n<\/div>\n\n\n\n<div class=\"wp-block-column is-layout-flow wp-block-column-is-layout-flow\" style=\"flex-basis:20%\"><\/div>\n<\/div>\n\n\n\n<div class=\"wp-block-group padding wrapper\"><div class=\"wp-block-group__inner-container is-layout-flow wp-block-group-is-layout-flow\">\n<div class=\"wp-block-media-text alignwide is-stacked-on-mobile html\"><figure class=\"wp-block-media-text__media\"><img loading=\"lazy\" decoding=\"async\" width=\"1024\" height=\"683\" src=\"https:\/\/www.agorabcn.com\/wp-content\/uploads\/2025\/04\/agora-politica-de-qualitat-bloc-1-1024x683.webp\" alt=\"\" class=\"wp-image-11761 size-full\" srcset=\"https:\/\/www.agorabcn.com\/wp-content\/uploads\/2025\/04\/agora-politica-de-qualitat-bloc-1-1024x683.webp 1024w, https:\/\/www.agorabcn.com\/wp-content\/uploads\/2025\/04\/agora-politica-de-qualitat-bloc-1-768x512.webp 768w, https:\/\/www.agorabcn.com\/wp-content\/uploads\/2025\/04\/agora-politica-de-qualitat-bloc-1-1536x1025.webp 1536w, https:\/\/www.agorabcn.com\/wp-content\/uploads\/2025\/04\/agora-politica-de-qualitat-bloc-1.webp 1920w\" sizes=\"auto, (max-width: 1024px) 100vw, 1024px\" \/><\/figure><div class=\"wp-block-media-text__content\">\n<h2 class=\"wp-block-heading\"><strong>Pol\u00edtica de Calidad y Sostenibilidad:<\/strong><\/h2>\n\n\n\n<p>Confirmando nuestro compromiso con el medio ambiente, hemos creado esta pol\u00edtica multifactorial con la voluntad de integrar criterios de sostenibilidad y calidad en todos nuestros procesos, apostar por una mejora continua y aportar los recursos necesarios para obtener los mejores resultados.<\/p>\n\n\n\n<p><a href=\"https:\/\/www.agorabcn.com\/wp-content\/uploads\/2025\/11\/Politica-Qualitat-Agora-esp_v1signed.pdf\" target=\"_blank\" rel=\"noreferrer noopener\">Puedes consultar aqu\u00ed la pol\u00edtica medioambiental<\/a> \u2192<\/p>\n<\/div><\/div>\n<\/div><\/div>\n\n\n\n<div class=\"wp-block-group padding wrapper\"><div class=\"wp-block-group__inner-container is-layout-flow wp-block-group-is-layout-flow\">\n<div class=\"wp-block-media-text alignwide has-media-on-the-right is-stacked-on-mobile html\"><div class=\"wp-block-media-text__content\">\n<h2 class=\"wp-block-heading\"><strong>Certificaci\u00f3n Medioambiental EMAS<\/strong><\/h2>\n\n\n\n<p>Desde este a\u00f1o, <strong>EMAS<\/strong> nos certifica como una <strong>residencia comprometida con la mejora continua y la reducci\u00f3n de nuestra huella ambiental<\/strong>, integrando la sostenibilidad como parte esencial de nuestra gesti\u00f3n y de nuestra propuesta de valor.<\/p>\n\n\n\n<p><strong>EMAS<\/strong> es el acr\u00f3nimo de <em>Eco-Management and Audit Scheme<\/em>, una organizaci\u00f3n de adhesi\u00f3n voluntaria dirigida a negocios que desean evaluar, gestionar y mejorar de forma continua su comportamiento ambiental, garantizando adem\u00e1s la <strong>m\u00e1xima transparencia ante clientes, colaboradores y la sociedad.<\/strong><\/p>\n\n\n\n<p>Su principal objetivo es fomentar la mejora continua del desempe\u00f1o ambiental de las empresas mediante la <strong>evaluaci\u00f3n sistem\u00e1tica de su impacto, el cumplimiento riguroso de la normativa vigente y la definici\u00f3n de metas concretas orientadas a la sostenibilidad<\/strong>. A trav\u00e9s de auditor\u00edas peri\u00f3dicas y de la verificaci\u00f3n por parte de organismos independientes, <strong>EMAS<\/strong> asegura la fiabilidad y credibilidad de la informaci\u00f3n ambiental que comunica la organizaci\u00f3n.<\/p>\n\n\n\n<p><a href=\"https:\/\/www.agorabcn.com\/wp-content\/uploads\/2026\/03\/Declaracio-Ambiental-Agora-2024-v.1-1.pdf\" target=\"_blank\" rel=\"noreferrer noopener\">Consulta aqu\u00ed nuestra Declaraci\u00f3n Ambiental<\/a> \u2192<\/p>\n<\/div><figure class=\"wp-block-media-text__media\"><img loading=\"lazy\" decoding=\"async\" width=\"1024\" height=\"683\" src=\"https:\/\/www.agorabcn.com\/wp-content\/uploads\/2026\/03\/AGORA_04-1024x683.webp\" alt=\"Agora Certificaci\u00f3n Medioambiental\" class=\"wp-image-32567 size-full\" srcset=\"https:\/\/www.agorabcn.com\/wp-content\/uploads\/2026\/03\/AGORA_04-1024x683.webp 1024w, https:\/\/www.agorabcn.com\/wp-content\/uploads\/2026\/03\/AGORA_04-768x512.webp 768w, https:\/\/www.agorabcn.com\/wp-content\/uploads\/2026\/03\/AGORA_04-1536x1025.webp 1536w, https:\/\/www.agorabcn.com\/wp-content\/uploads\/2026\/03\/AGORA_04.webp 1920w\" sizes=\"auto, (max-width: 1024px) 100vw, 1024px\" \/><\/figure><\/div>\n<\/div><\/div>\n","protected":false},"excerpt":{"rendered":"<p>En la Resid\u00e8ncia \u00c0gora, creemos firmemente en la importancia de la sostenibilidad y el cuidado del medio ambiente. Nuestro compromiso se refleja en cada aspecto de nuestras operaciones diarias, desde el uso eficiente de recursos hasta la implementaci\u00f3n de pr\u00e1cticas ecol\u00f3gicas innovadoras. Pol\u00edtica de Calidad y Sostenibilidad: Confirmando nuestro compromiso con el medio ambiente, hemos [&hellip;]<\/p>\n","protected":false},"author":1,"featured_media":0,"parent":0,"menu_order":0,"comment_status":"closed","ping_status":"closed","template":"","meta":{"_acf_changed":false,"footnotes":""},"class_list":["post-11757","page","type-page","status-publish","hentry"],"acf":[],"yoast_head":"<!-- This site is optimized with the Yoast SEO plugin v27.3 - https:\/\/yoast.com\/product\/yoast-seo-wordpress\/ -->\n<title>Sostenibilidad de la Residencia - \u00c0gora BCN<\/title>\n<meta name=\"description\" content=\"\u00c0GORA BCN es un espacio ideal para el estudio y la formaci\u00f3n. En \u00c0GORA BCN encontrar\u00e1s todo lo que necesites para sentirte como en casa.\" \/>\n<meta name=\"robots\" content=\"index, follow, max-snippet:-1, max-image-preview:large, max-video-preview:-1\" \/>\n<link rel=\"canonical\" href=\"https:\/\/www.agorabcn.com\/es\/sostenibilidad\/\" \/>\n<meta property=\"og:locale\" content=\"es_ES\" \/>\n<meta property=\"og:type\" content=\"article\" \/>\n<meta property=\"og:title\" content=\"Sostenibilidad de la Residencia - \u00c0gora BCN\" \/>\n<meta property=\"og:description\" content=\"\u00c0GORA BCN es un espacio ideal para el estudio y la formaci\u00f3n. En \u00c0GORA BCN encontrar\u00e1s todo lo que necesites para sentirte como en casa.\" \/>\n<meta property=\"og:url\" content=\"https:\/\/www.agorabcn.com\/es\/sostenibilidad\/\" \/>\n<meta property=\"og:site_name\" content=\"\u00c0gora BCN\" \/>\n<meta property=\"article:modified_time\" content=\"2026-03-04T09:06:59+00:00\" \/>\n<meta property=\"og:image\" content=\"https:\/\/www.agorabcn.com\/wp-content\/uploads\/2025\/04\/agora_bcn_capcalara-1024x683.webp\" \/>\n<meta name=\"twitter:card\" content=\"summary_large_image\" \/>\n<meta name=\"twitter:label1\" content=\"Tiempo de lectura\" \/>\n\t<meta name=\"twitter:data1\" content=\"2 minutos\" \/>\n<script type=\"application\/ld+json\" class=\"yoast-schema-graph\">{\"@context\":\"https:\\\/\\\/schema.org\",\"@graph\":[{\"@type\":\"WebPage\",\"@id\":\"https:\\\/\\\/www.agorabcn.com\\\/es\\\/sostenibilidad\\\/\",\"url\":\"https:\\\/\\\/www.agorabcn.com\\\/es\\\/sostenibilidad\\\/\",\"name\":\"Sostenibilidad de la Residencia - \u00c0gora BCN\",\"isPartOf\":{\"@id\":\"https:\\\/\\\/www.agorabcn.com\\\/es\\\/#website\"},\"primaryImageOfPage\":{\"@id\":\"https:\\\/\\\/www.agorabcn.com\\\/es\\\/sostenibilidad\\\/#primaryimage\"},\"image\":{\"@id\":\"https:\\\/\\\/www.agorabcn.com\\\/es\\\/sostenibilidad\\\/#primaryimage\"},\"thumbnailUrl\":\"https:\\\/\\\/www.agorabcn.com\\\/wp-content\\\/uploads\\\/2025\\\/04\\\/agora_bcn_capcalara-1024x683.webp\",\"datePublished\":\"2025-04-30T13:34:40+00:00\",\"dateModified\":\"2026-03-04T09:06:59+00:00\",\"description\":\"\u00c0GORA BCN es un espacio ideal para el estudio y la formaci\u00f3n. En \u00c0GORA BCN encontrar\u00e1s todo lo que necesites para sentirte como en casa.\",\"breadcrumb\":{\"@id\":\"https:\\\/\\\/www.agorabcn.com\\\/es\\\/sostenibilidad\\\/#breadcrumb\"},\"inLanguage\":\"es\",\"potentialAction\":[{\"@type\":\"ReadAction\",\"target\":[\"https:\\\/\\\/www.agorabcn.com\\\/es\\\/sostenibilidad\\\/\"]}]},{\"@type\":\"ImageObject\",\"inLanguage\":\"es\",\"@id\":\"https:\\\/\\\/www.agorabcn.com\\\/es\\\/sostenibilidad\\\/#primaryimage\",\"url\":\"https:\\\/\\\/www.agorabcn.com\\\/wp-content\\\/uploads\\\/2025\\\/04\\\/agora_bcn_capcalara-1024x683.webp\",\"contentUrl\":\"https:\\\/\\\/www.agorabcn.com\\\/wp-content\\\/uploads\\\/2025\\\/04\\\/agora_bcn_capcalara-1024x683.webp\"},{\"@type\":\"BreadcrumbList\",\"@id\":\"https:\\\/\\\/www.agorabcn.com\\\/es\\\/sostenibilidad\\\/#breadcrumb\",\"itemListElement\":[{\"@type\":\"ListItem\",\"position\":1,\"name\":\"Portada\",\"item\":\"https:\\\/\\\/www.agorabcn.com\\\/es\\\/\"},{\"@type\":\"ListItem\",\"position\":2,\"name\":\"Sostenibilidad de la Residencia\"}]},{\"@type\":\"WebSite\",\"@id\":\"https:\\\/\\\/www.agorabcn.com\\\/es\\\/#website\",\"url\":\"https:\\\/\\\/www.agorabcn.com\\\/es\\\/\",\"name\":\"\u00c0gora BCN\",\"description\":\"Residencia universitaria internacional en Barcelona\",\"potentialAction\":[{\"@type\":\"SearchAction\",\"target\":{\"@type\":\"EntryPoint\",\"urlTemplate\":\"https:\\\/\\\/www.agorabcn.com\\\/es\\\/?s={search_term_string}\"},\"query-input\":{\"@type\":\"PropertyValueSpecification\",\"valueRequired\":true,\"valueName\":\"search_term_string\"}}],\"inLanguage\":\"es\"}]}<\/script>\n<!-- \/ Yoast SEO plugin. -->","yoast_head_json":{"title":"Sostenibilidad de la Residencia - \u00c0gora BCN","description":"\u00c0GORA BCN es un espacio ideal para el estudio y la formaci\u00f3n. En \u00c0GORA BCN encontrar\u00e1s todo lo que necesites para sentirte como en casa.","robots":{"index":"index","follow":"follow","max-snippet":"max-snippet:-1","max-image-preview":"max-image-preview:large","max-video-preview":"max-video-preview:-1"},"canonical":"https:\/\/www.agorabcn.com\/es\/sostenibilidad\/","og_locale":"es_ES","og_type":"article","og_title":"Sostenibilidad de la Residencia - \u00c0gora BCN","og_description":"\u00c0GORA BCN es un espacio ideal para el estudio y la formaci\u00f3n. En \u00c0GORA BCN encontrar\u00e1s todo lo que necesites para sentirte como en casa.","og_url":"https:\/\/www.agorabcn.com\/es\/sostenibilidad\/","og_site_name":"\u00c0gora BCN","article_modified_time":"2026-03-04T09:06:59+00:00","og_image":[{"url":"https:\/\/www.agorabcn.com\/wp-content\/uploads\/2025\/04\/agora_bcn_capcalara-1024x683.webp","type":"","width":"","height":""}],"twitter_card":"summary_large_image","twitter_misc":{"Tiempo de lectura":"2 minutos"},"schema":{"@context":"https:\/\/schema.org","@graph":[{"@type":"WebPage","@id":"https:\/\/www.agorabcn.com\/es\/sostenibilidad\/","url":"https:\/\/www.agorabcn.com\/es\/sostenibilidad\/","name":"Sostenibilidad de la Residencia - \u00c0gora BCN","isPartOf":{"@id":"https:\/\/www.agorabcn.com\/es\/#website"},"primaryImageOfPage":{"@id":"https:\/\/www.agorabcn.com\/es\/sostenibilidad\/#primaryimage"},"image":{"@id":"https:\/\/www.agorabcn.com\/es\/sostenibilidad\/#primaryimage"},"thumbnailUrl":"https:\/\/www.agorabcn.com\/wp-content\/uploads\/2025\/04\/agora_bcn_capcalara-1024x683.webp","datePublished":"2025-04-30T13:34:40+00:00","dateModified":"2026-03-04T09:06:59+00:00","description":"\u00c0GORA BCN es un espacio ideal para el estudio y la formaci\u00f3n. En \u00c0GORA BCN encontrar\u00e1s todo lo que necesites para sentirte como en casa.","breadcrumb":{"@id":"https:\/\/www.agorabcn.com\/es\/sostenibilidad\/#breadcrumb"},"inLanguage":"es","potentialAction":[{"@type":"ReadAction","target":["https:\/\/www.agorabcn.com\/es\/sostenibilidad\/"]}]},{"@type":"ImageObject","inLanguage":"es","@id":"https:\/\/www.agorabcn.com\/es\/sostenibilidad\/#primaryimage","url":"https:\/\/www.agorabcn.com\/wp-content\/uploads\/2025\/04\/agora_bcn_capcalara-1024x683.webp","contentUrl":"https:\/\/www.agorabcn.com\/wp-content\/uploads\/2025\/04\/agora_bcn_capcalara-1024x683.webp"},{"@type":"BreadcrumbList","@id":"https:\/\/www.agorabcn.com\/es\/sostenibilidad\/#breadcrumb","itemListElement":[{"@type":"ListItem","position":1,"name":"Portada","item":"https:\/\/www.agorabcn.com\/es\/"},{"@type":"ListItem","position":2,"name":"Sostenibilidad de la Residencia"}]},{"@type":"WebSite","@id":"https:\/\/www.agorabcn.com\/es\/#website","url":"https:\/\/www.agorabcn.com\/es\/","name":"\u00c0gora BCN","description":"Residencia universitaria internacional en Barcelona","potentialAction":[{"@type":"SearchAction","target":{"@type":"EntryPoint","urlTemplate":"https:\/\/www.agorabcn.com\/es\/?s={search_term_string}"},"query-input":{"@type":"PropertyValueSpecification","valueRequired":true,"valueName":"search_term_string"}}],"inLanguage":"es"}]}},"_links":{"self":[{"href":"https:\/\/www.agorabcn.com\/es\/wp-json\/wp\/v2\/pages\/11757","targetHints":{"allow":["GET"]}}],"collection":[{"href":"https:\/\/www.agorabcn.com\/es\/wp-json\/wp\/v2\/pages"}],"about":[{"href":"https:\/\/www.agorabcn.com\/es\/wp-json\/wp\/v2\/types\/page"}],"author":[{"embeddable":true,"href":"https:\/\/www.agorabcn.com\/es\/wp-json\/wp\/v2\/users\/1"}],"replies":[{"embeddable":true,"href":"https:\/\/www.agorabcn.com\/es\/wp-json\/wp\/v2\/comments?post=11757"}],"version-history":[{"count":8,"href":"https:\/\/www.agorabcn.com\/es\/wp-json\/wp\/v2\/pages\/11757\/revisions"}],"predecessor-version":[{"id":32586,"href":"https:\/\/www.agorabcn.com\/es\/wp-json\/wp\/v2\/pages\/11757\/revisions\/32586"}],"wp:attachment":[{"href":"https:\/\/www.agorabcn.com\/es\/wp-json\/wp\/v2\/media?parent=11757"}],"curies":[{"name":"wp","href":"https:\/\/api.w.org\/{rel}","templated":true}]}}