{"id":1295,"date":"2022-02-14T09:31:35","date_gmt":"2022-02-14T09:31:35","guid":{"rendered":"http:\/\/13.36.145.80\/politica-de-privacidad\/"},"modified":"2022-04-20T10:42:55","modified_gmt":"2022-04-20T10:42:55","slug":"privacy-policy","status":"publish","type":"page","link":"https:\/\/www.agorabcn.com\/en\/privacy-policy\/","title":{"rendered":"Privacy Policy"},"content":{"rendered":"\n<h1 class=\"html wrapper padding has-x-large-font-size wp-block-heading\" style=\"font-style:normal;font-weight:700\"><br>Privacy Policy<\/h1>\n\n\n\n<p class=\"html wrapper\"><strong><strong>General Information<\/strong><\/strong>:<\/p>\n\n\n\n<p class=\"html wrapper\">According to the Spanish Law 34\/ 2002 of July 11, on Information Society Services and E-Commerce (hereinafter, the LSSICE) users are informed (hereinafter the USER) that this website is accessed through the domains\u00a0<a href=\"https:\/\/www.agorabcn.com\/en\/\">www.agorabcn.com<\/a>\u00a0(hereinafter, the WEB). The information and details on the service provider are as follows:<\/p>\n\n\n\n<p class=\"html wrapper\">Fundaci\u00f3 Gaspar Espu\u00f1a \u2013 CETT<br>Avda. Can Marcet,36-38<br>08035 BARCELONA<br>CIF: G62294418<\/p>\n\n\n\n<p class=\"html wrapper\">Tel: 93 166 90 00<br>E-mail: agora.info@cett.cat<\/p>\n\n\n\n<p><\/p>\n\n\n\n<p class=\"html wrapper\"><strong>Terms and conditions:<\/strong><\/p>\n\n\n\n<p class=\"html wrapper\">The contents, commercial activities and services in general, provided through the WEB are subject to the terms and conditions set out in this \u201dLegal notice\u201d (hereinafter, the NOTICE), and in compliance with the current Spanish legislation, particularly with the above mentioned LSSIC and the RGPD EU 2016\/679<\/p>\n\n\n\n<p class=\"html wrapper\">On accessing the website the USER fully accepts the terms and conditions stipulated in this NOTICE.<\/p>\n\n\n\n<p class=\"html wrapper\">Any person images appearing in the WEB are used by Fundaci\u00f3 Gaspar Espu\u00f1a \u2013 CETT (hereinafter, FGE) in compliance with image rights. These images are strictly used to create files and videos in order to inform about the activities carried out by FGE and under no circumstance shall they be used for other purposes or distributed to a third party without the corresponding authorization.<\/p>\n\n\n\n<p><\/p>\n\n\n\n<p class=\"html wrapper\"><strong>Privacy policy and data protection: &nbsp;<\/strong><\/p>\n\n\n\n<p class=\"html wrapper\">In compliance with the EU GDPR 2016\/679 (EU Regulation 2016\/679) of the European Parliament and Council on the 27 of April 2016, concerning the protection of people in regards to the processing of personal data and the free circulation of this data and the rules and regulations in force in the protection of the personal data, we inform you that:<\/p>\n\n\n\n<p class=\"html wrapper\">a. La finalidad de la recogida y del tratamiento de los datos personales que nos faciliten ser\u00e1 la prestaci\u00f3n de los servicios solicitados.<\/p>\n\n\n\n<p class=\"html wrapper\">b. The data given to us will be located in the FGE files, located in the European Union, ensuring FGE adequate levels of security.<\/p>\n\n\n\n<p class=\"html wrapper\">c. The possibility to exercise the right to access, rectification, cancellation and opposition, omission, limitation of processing, portability and to not be the subject to automated individualized decisions, by written request, addressed to the fiscal domicile of FGE located at:<\/p>\n\n\n\n<p class=\"html wrapper\">Fundaci\u00f3 Gaspar Espu\u00f1a \u2013 CETT<br>Avda. Can Marcet,36-38<br>08035 BARCELONA<br>CIF: G62294418<\/p>\n\n\n\n<p class=\"html wrapper\">Tel: 93 166 90 00<br>E-mail: agora.info@cett.cat<\/p>\n\n\n\n<p class=\"html wrapper\">d. For this purpose, the interested party must send a written message indicating the petition or exercised right, together with a copy of his\/her National identification number, passport or a legally valid document to certify his\/her identity, in order to unequivocally identify the party in question.<\/p>\n\n\n\n<p class=\"html wrapper\"><strong>Intellectual property rights:<\/strong><\/p>\n\n\n\n<p class=\"html wrapper\">The USER acknowledges and accepts that all the intellectual property rights over the contents and \/ or any other features on the website including but not limited to trademarks, logos, tradenames, texts, images, graphics, designs, sound, databases, belong to FGE.<\/p>\n\n\n\n<p class=\"html wrapper\">The use of the WEB does not entitle the USER to alter, exploit, reproduce, distribute or communicate publicly any of its contents.<\/p>\n\n\n\n<p class=\"html wrapper\"><strong>Responsibility:<\/strong><\/p>\n\n\n\n<p class=\"html wrapper\">The USER agrees that the use of the WEB, its contents and \/ or services takes place under their sole and exclusive responsibility and that FGE does not guarantee the availability and continuity of operation of the website, or the contents and \/ or services offered.<\/p>\n\n\n\n<p class=\"html wrapper\"><strong>Cookies policy:<\/strong><\/p>\n\n\n\n<p class=\"html wrapper\">FGE informs that cookies are used when surfing the webpages of its corporate portal. Cookies are small text files downloaded on your device by the websites that you visit. They are essential tools used to offer specific services provided by the information society. Cookies enable a website to retrieve information about users\u2019 surfing habits, or about the actions carried out from a specific device and, based on this information, they allow to recognize the user and improve the service provided.<\/p>\n\n\n\n<p class=\"html wrapper\"><strong>Types of cookies:<\/strong>&nbsp;There are two types of cookies depending on the entity managing the domain from which cookies are sent and on the processing of the data obtained: own and third-party cookies. They can also be classified as session cookies and persistent cookies depending on the length of time they exist in the user\u2019s browser. Finally, cookies can be grouped into five groups taking into account the purpose of the data collection: technical, personalization, analytics, advertising and&nbsp;behavioural advertising. More information related to this matter is available on \u201c<a href=\"https:\/\/www.aepd.es\/sites\/default\/files\/2020-07\/guia-cookies.pdf\">Gu\u00eda sobre el uso de las cookies de la Agencia Espa\u00f1ola de Protecci\u00f3n de Datos<\/a>\u201d.<\/p>\n\n\n\n<p class=\"html wrapper\">The web analytics allows to know the number of users accessing the WEB, the number of websites visited, the frequency, repetition and duration of the visits,&nbsp;the browser used, the operator providing the service, the language, the terminal used or the city where the IP address has been assigned to the USER.<\/p>\n\n\n\n<p class=\"html wrapper\">This information enables the WEB to provide an improved service.<\/p>\n\n\n\n<p class=\"html wrapper\"><strong>Acceptance of cookies policy<\/strong><span style=\"background-color: rgba(0, 0, 0, 0.2); font-size: revert; color: initial; font-family: -apple-system, BlinkMacSystemFont, &quot;Segoe UI&quot;, Roboto, Oxygen-Sans, Ubuntu, Cantarell, &quot;Helvetica Neue&quot;, sans-serif;\">:<\/span> FGE understands that any visitor to the WEB accepts the use of cookies.<\/p>\n\n\n\n<p class=\"html wrapper\"><strong>Applicable law and jurisdiction:<\/strong><\/p>\n\n\n\n<p><p class=\"html wrapper\" style=\"padding-bottom:50px;\">The content of this legal notice shall be governed in accordance to the Spanish Legislation. However, if the regulation enables both parties to waive their own jurisdiction and submit to another, both FGE and the USER expressly renounce to any other jurisdiction they may be entitled to and agree to submit to the Courts and Tribunals of Barcelona.<\/p><\/p>\n","protected":false},"excerpt":{"rendered":"<p>Privacy Policy General Information: According to the Spanish Law 34\/ 2002 of July 11, on Information Society Services and E-Commerce (hereinafter, the LSSICE) users are informed (hereinafter the USER) that this website is accessed through the domains\u00a0www.agorabcn.com\u00a0(hereinafter, the WEB). The information and details on the service provider are as follows: Fundaci\u00f3 Gaspar Espu\u00f1a \u2013 CETTAvda. [&hellip;]<\/p>\n","protected":false},"author":1,"featured_media":0,"parent":0,"menu_order":0,"comment_status":"closed","ping_status":"closed","template":"","meta":{"_acf_changed":false,"footnotes":""},"class_list":["post-1295","page","type-page","status-publish","hentry"],"acf":[],"yoast_head":"<!-- This site is optimized with the Yoast SEO plugin v27.4 - https:\/\/yoast.com\/product\/yoast-seo-wordpress\/ -->\n<title>Privacy Policy - \u00c0gora Bcn<\/title>\n<meta name=\"description\" content=\"Consult the entire Privacy Policy, Cookie Policy, etc of \u00c0gora BCN here. \u00c0gora BCN complies with all current regulations.\" \/>\n<meta name=\"robots\" content=\"index, follow, max-snippet:-1, max-image-preview:large, max-video-preview:-1\" \/>\n<link rel=\"canonical\" href=\"https:\/\/www.agorabcn.com\/en\/privacy-policy\/\" \/>\n<meta property=\"og:locale\" content=\"en_US\" \/>\n<meta property=\"og:type\" content=\"article\" \/>\n<meta property=\"og:title\" content=\"Privacy Policy - \u00c0gora Bcn\" \/>\n<meta property=\"og:description\" content=\"Consult the entire Privacy Policy, Cookie Policy, etc of \u00c0gora BCN here. \u00c0gora BCN complies with all current regulations.\" \/>\n<meta property=\"og:url\" content=\"https:\/\/www.agorabcn.com\/en\/privacy-policy\/\" \/>\n<meta property=\"og:site_name\" content=\"\u00c0gora Bcn\" \/>\n<meta property=\"article:modified_time\" content=\"2022-04-20T10:42:55+00:00\" \/>\n<meta name=\"twitter:card\" content=\"summary_large_image\" \/>\n<meta name=\"twitter:label1\" content=\"Est. reading time\" \/>\n\t<meta name=\"twitter:data1\" content=\"4 minutes\" \/>\n<script type=\"application\/ld+json\" class=\"yoast-schema-graph\">{\"@context\":\"https:\\\/\\\/schema.org\",\"@graph\":[{\"@type\":\"WebPage\",\"@id\":\"https:\\\/\\\/www.agorabcn.com\\\/en\\\/privacy-policy\\\/\",\"url\":\"https:\\\/\\\/www.agorabcn.com\\\/en\\\/privacy-policy\\\/\",\"name\":\"Privacy Policy - \u00c0gora Bcn\",\"isPartOf\":{\"@id\":\"https:\\\/\\\/www.agorabcn.com\\\/en\\\/#website\"},\"datePublished\":\"2022-02-14T09:31:35+00:00\",\"dateModified\":\"2022-04-20T10:42:55+00:00\",\"description\":\"Consult the entire Privacy Policy, Cookie Policy, etc of \u00c0gora BCN here. \u00c0gora BCN complies with all current regulations.\",\"breadcrumb\":{\"@id\":\"https:\\\/\\\/www.agorabcn.com\\\/en\\\/privacy-policy\\\/#breadcrumb\"},\"inLanguage\":\"en-US\",\"potentialAction\":[{\"@type\":\"ReadAction\",\"target\":[\"https:\\\/\\\/www.agorabcn.com\\\/en\\\/privacy-policy\\\/\"]}]},{\"@type\":\"BreadcrumbList\",\"@id\":\"https:\\\/\\\/www.agorabcn.com\\\/en\\\/privacy-policy\\\/#breadcrumb\",\"itemListElement\":[{\"@type\":\"ListItem\",\"position\":1,\"name\":\"Portada\",\"item\":\"https:\\\/\\\/www.agorabcn.com\\\/en\\\/\"},{\"@type\":\"ListItem\",\"position\":2,\"name\":\"Privacy Policy\"}]},{\"@type\":\"WebSite\",\"@id\":\"https:\\\/\\\/www.agorabcn.com\\\/en\\\/#website\",\"url\":\"https:\\\/\\\/www.agorabcn.com\\\/en\\\/\",\"name\":\"\u00c0gora Bcn\",\"description\":\"Residencia universitaria internacional en Barcelona\",\"potentialAction\":[{\"@type\":\"SearchAction\",\"target\":{\"@type\":\"EntryPoint\",\"urlTemplate\":\"https:\\\/\\\/www.agorabcn.com\\\/en\\\/?s={search_term_string}\"},\"query-input\":{\"@type\":\"PropertyValueSpecification\",\"valueRequired\":true,\"valueName\":\"search_term_string\"}}],\"inLanguage\":\"en-US\"}]}<\/script>\n<!-- \/ Yoast SEO plugin. -->","yoast_head_json":{"title":"Privacy Policy - \u00c0gora Bcn","description":"Consult the entire Privacy Policy, Cookie Policy, etc of \u00c0gora BCN here. \u00c0gora BCN complies with all current regulations.","robots":{"index":"index","follow":"follow","max-snippet":"max-snippet:-1","max-image-preview":"max-image-preview:large","max-video-preview":"max-video-preview:-1"},"canonical":"https:\/\/www.agorabcn.com\/en\/privacy-policy\/","og_locale":"en_US","og_type":"article","og_title":"Privacy Policy - \u00c0gora Bcn","og_description":"Consult the entire Privacy Policy, Cookie Policy, etc of \u00c0gora BCN here. \u00c0gora BCN complies with all current regulations.","og_url":"https:\/\/www.agorabcn.com\/en\/privacy-policy\/","og_site_name":"\u00c0gora Bcn","article_modified_time":"2022-04-20T10:42:55+00:00","twitter_card":"summary_large_image","twitter_misc":{"Est. reading time":"4 minutes"},"schema":{"@context":"https:\/\/schema.org","@graph":[{"@type":"WebPage","@id":"https:\/\/www.agorabcn.com\/en\/privacy-policy\/","url":"https:\/\/www.agorabcn.com\/en\/privacy-policy\/","name":"Privacy Policy - \u00c0gora Bcn","isPartOf":{"@id":"https:\/\/www.agorabcn.com\/en\/#website"},"datePublished":"2022-02-14T09:31:35+00:00","dateModified":"2022-04-20T10:42:55+00:00","description":"Consult the entire Privacy Policy, Cookie Policy, etc of \u00c0gora BCN here. \u00c0gora BCN complies with all current regulations.","breadcrumb":{"@id":"https:\/\/www.agorabcn.com\/en\/privacy-policy\/#breadcrumb"},"inLanguage":"en-US","potentialAction":[{"@type":"ReadAction","target":["https:\/\/www.agorabcn.com\/en\/privacy-policy\/"]}]},{"@type":"BreadcrumbList","@id":"https:\/\/www.agorabcn.com\/en\/privacy-policy\/#breadcrumb","itemListElement":[{"@type":"ListItem","position":1,"name":"Portada","item":"https:\/\/www.agorabcn.com\/en\/"},{"@type":"ListItem","position":2,"name":"Privacy Policy"}]},{"@type":"WebSite","@id":"https:\/\/www.agorabcn.com\/en\/#website","url":"https:\/\/www.agorabcn.com\/en\/","name":"\u00c0gora Bcn","description":"Residencia universitaria internacional en Barcelona","potentialAction":[{"@type":"SearchAction","target":{"@type":"EntryPoint","urlTemplate":"https:\/\/www.agorabcn.com\/en\/?s={search_term_string}"},"query-input":{"@type":"PropertyValueSpecification","valueRequired":true,"valueName":"search_term_string"}}],"inLanguage":"en-US"}]}},"_links":{"self":[{"href":"https:\/\/www.agorabcn.com\/en\/wp-json\/wp\/v2\/pages\/1295","targetHints":{"allow":["GET"]}}],"collection":[{"href":"https:\/\/www.agorabcn.com\/en\/wp-json\/wp\/v2\/pages"}],"about":[{"href":"https:\/\/www.agorabcn.com\/en\/wp-json\/wp\/v2\/types\/page"}],"author":[{"embeddable":true,"href":"https:\/\/www.agorabcn.com\/en\/wp-json\/wp\/v2\/users\/1"}],"replies":[{"embeddable":true,"href":"https:\/\/www.agorabcn.com\/en\/wp-json\/wp\/v2\/comments?post=1295"}],"version-history":[{"count":5,"href":"https:\/\/www.agorabcn.com\/en\/wp-json\/wp\/v2\/pages\/1295\/revisions"}],"predecessor-version":[{"id":1854,"href":"https:\/\/www.agorabcn.com\/en\/wp-json\/wp\/v2\/pages\/1295\/revisions\/1854"}],"wp:attachment":[{"href":"https:\/\/www.agorabcn.com\/en\/wp-json\/wp\/v2\/media?parent=1295"}],"curies":[{"name":"wp","href":"https:\/\/api.w.org\/{rel}","templated":true}]}}