{"id":11798,"date":"2025-04-30T13:34:40","date_gmt":"2025-04-30T13:34:40","guid":{"rendered":"https:\/\/www.agorabcn.com\/sostenibilidad\/"},"modified":"2026-03-04T09:06:43","modified_gmt":"2026-03-04T09:06:43","slug":"sustainability","status":"publish","type":"page","link":"https:\/\/www.agorabcn.com\/en\/sustainability\/","title":{"rendered":"Sustainability of the Residence"},"content":{"rendered":"\n<div class=\"wp-block-cover aligncenter is-light\"><img loading=\"lazy\" decoding=\"async\" width=\"1024\" height=\"683\" class=\"wp-block-cover__image-background wp-image-11758 size-large\" alt=\"\" src=\"https:\/\/www.agorabcn.com\/wp-content\/uploads\/2025\/04\/agora_bcn_capcalara-1024x683.webp\" data-object-fit=\"cover\" srcset=\"https:\/\/www.agorabcn.com\/wp-content\/uploads\/2025\/04\/agora_bcn_capcalara-1024x683.webp 1024w, https:\/\/www.agorabcn.com\/wp-content\/uploads\/2025\/04\/agora_bcn_capcalara-768x512.webp 768w, https:\/\/www.agorabcn.com\/wp-content\/uploads\/2025\/04\/agora_bcn_capcalara-1536x1024.webp 1536w, https:\/\/www.agorabcn.com\/wp-content\/uploads\/2025\/04\/agora_bcn_capcalara.webp 1920w\" sizes=\"auto, (max-width: 1024px) 100vw, 1024px\" \/><span aria-hidden=\"true\" class=\"wp-block-cover__background has-background-dim\" style=\"background-color:#8fa36e\"><\/span><div class=\"wp-block-cover__inner-container is-layout-flow wp-block-cover-is-layout-flow\">\n<div class=\"wp-block-group wrapper\"><div class=\"wp-block-group__inner-container is-layout-flow wp-block-group-is-layout-flow\">\n<h1 class=\"wp-block-heading\" id=\"quienes-somos\"><strong><strong><strong><strong>\u00c0gora Residence: Committed to Sustainability<\/strong><\/strong><\/strong><\/strong><\/h1>\n<\/div><\/div>\n<\/div><\/div>\n\n\n\n<div style=\"height:100px\" aria-hidden=\"true\" class=\"wp-block-spacer\"><\/div>\n\n\n\n<div class=\"wp-block-columns is-layout-flex wp-container-core-columns-is-layout-9d6595d7 wp-block-columns-is-layout-flex\">\n<div class=\"wp-block-column is-layout-flow wp-block-column-is-layout-flow\" style=\"flex-basis:20%\"><\/div>\n\n\n\n<div class=\"wp-block-column is-layout-flow wp-block-column-is-layout-flow\">\n<p class=\"has-text-align-center padding-bottom has-medium-font-size\">At \u00c0gora Residence, we firmly believe in the importance of sustainability and caring for the environment. Our commitment is reflected in every aspect of our daily operations, from the efficient use of resources to the implementation of innovative eco-friendly practices.<\/p>\n<\/div>\n\n\n\n<div class=\"wp-block-column is-layout-flow wp-block-column-is-layout-flow\" style=\"flex-basis:20%\"><\/div>\n<\/div>\n\n\n\n<div class=\"wp-block-group padding wrapper\"><div class=\"wp-block-group__inner-container is-layout-flow wp-block-group-is-layout-flow\">\n<div class=\"wp-block-media-text alignwide is-stacked-on-mobile html\"><figure class=\"wp-block-media-text__media\"><img loading=\"lazy\" decoding=\"async\" width=\"1024\" height=\"683\" src=\"https:\/\/www.agorabcn.com\/wp-content\/uploads\/2025\/04\/agora-politica-de-qualitat-bloc-1-1024x683.webp\" alt=\"\" class=\"wp-image-11761 size-full\" srcset=\"https:\/\/www.agorabcn.com\/wp-content\/uploads\/2025\/04\/agora-politica-de-qualitat-bloc-1-1024x683.webp 1024w, https:\/\/www.agorabcn.com\/wp-content\/uploads\/2025\/04\/agora-politica-de-qualitat-bloc-1-768x512.webp 768w, https:\/\/www.agorabcn.com\/wp-content\/uploads\/2025\/04\/agora-politica-de-qualitat-bloc-1-1536x1025.webp 1536w, https:\/\/www.agorabcn.com\/wp-content\/uploads\/2025\/04\/agora-politica-de-qualitat-bloc-1.webp 1920w\" sizes=\"auto, (max-width: 1024px) 100vw, 1024px\" \/><\/figure><div class=\"wp-block-media-text__content\">\n<h2 class=\"wp-block-heading\"><strong><strong>Quality and Sustainability Policy<\/strong>:<\/strong><\/h2>\n\n\n\n<p>Confirming our commitment to the environment, we have created this multifactorial policy with the aim of integrating sustainability and quality criteria into all our processes, committing to continuous improvement, and providing the necessary resources to achieve the best results.<\/p>\n\n\n\n<p><a href=\"https:\/\/www.agorabcn.com\/wp-content\/uploads\/2025\/11\/Politica-Qualitat-Agora-eng_v1signed.pdf\" target=\"_blank\" rel=\"noreferrer noopener\">You can consult the environmental policy here<\/a> \u2192<\/p>\n<\/div><\/div>\n<\/div><\/div>\n\n\n\n<div class=\"wp-block-group padding wrapper\"><div class=\"wp-block-group__inner-container is-layout-flow wp-block-group-is-layout-flow\">\n<div class=\"wp-block-media-text alignwide has-media-on-the-right is-stacked-on-mobile html\"><div class=\"wp-block-media-text__content\">\n<h2 class=\"wp-block-heading\"><strong><strong>EMAS Environmental Certification<\/strong><\/strong><\/h2>\n\n\n\n<p>As of this year, <strong>EMAS<\/strong> certifies us as a <strong>residence committed to continuous improvement and the reduction of our environmental footprint<\/strong>, integrating sustainability as an essential part of our management and value proposition.<\/p>\n\n\n\n<p><strong>EMAS<\/strong> stands for <em>Eco-Management and Audit Scheme<\/em>, a voluntary instrument designed for organizations that aim to evaluate, manage, and continuously improve their environmental performance, while ensuring <strong>maximum transparency towards clients, partners, and society.<\/strong><\/p>\n\n\n\n<p>Its main objective is to promote continuous improvement in companies\u2019 environmental performance through the <strong>systematic assessment of their impact, strict compliance with current regulations, and the definition of concrete sustainability-oriented goals.<\/strong> Through periodic audits and verification by independent bodies, <strong>EMAS<\/strong> guarantees the reliability and credibility of the environmental information communicated by the organization.<\/p>\n\n\n\n<p><a href=\"https:\/\/www.agorabcn.com\/wp-content\/uploads\/2026\/03\/Declaracio-Ambiental-Agora-2024-v.1-1.pdf\" target=\"_blank\" rel=\"noreferrer noopener\">View our Environmental Statement here<\/a> \u2192<\/p>\n<\/div><figure class=\"wp-block-media-text__media\"><img decoding=\"async\" src=\"https:\/\/www.agorabcn.com\/wp-content\/uploads\/2026\/03\/AGORA_04-1024x683.webp\" alt=\"Agora Certificaci\u00f3n Medioambiental\" class=\"wp-image-32580 size-full\"\/><\/figure><\/div>\n<\/div><\/div>\n","protected":false},"excerpt":{"rendered":"<p>At \u00c0gora Residence, we firmly believe in the importance of sustainability and caring for the environment. Our commitment is reflected in every aspect of our daily operations, from the efficient use of resources to the implementation of innovative eco-friendly practices. Quality and Sustainability Policy: Confirming our commitment to the environment, we have created this multifactorial [&hellip;]<\/p>\n","protected":false},"author":1,"featured_media":0,"parent":0,"menu_order":0,"comment_status":"closed","ping_status":"closed","template":"","meta":{"_acf_changed":false,"footnotes":""},"class_list":["post-11798","page","type-page","status-publish","hentry"],"acf":[],"yoast_head":"<!-- This site is optimized with the Yoast SEO plugin v27.5 - https:\/\/yoast.com\/product\/yoast-seo-wordpress\/ -->\n<title>Sustainability of the Residence - \u00c0gora Bcn<\/title>\n<meta name=\"description\" content=\"\u00c0GORA BCN es un espacio ideal para el estudio y la formaci\u00f3n. En \u00c0GORA BCN encontrar\u00e1s todo lo que necesites para sentirte como en casa.\" \/>\n<meta name=\"robots\" content=\"index, follow, max-snippet:-1, max-image-preview:large, max-video-preview:-1\" \/>\n<link rel=\"canonical\" href=\"https:\/\/www.agorabcn.com\/en\/sustainability\/\" \/>\n<meta property=\"og:locale\" content=\"en_US\" \/>\n<meta property=\"og:type\" content=\"article\" \/>\n<meta property=\"og:title\" content=\"Sustainability of the Residence - \u00c0gora Bcn\" \/>\n<meta property=\"og:description\" content=\"\u00c0GORA BCN es un espacio ideal para el estudio y la formaci\u00f3n. En \u00c0GORA BCN encontrar\u00e1s todo lo que necesites para sentirte como en casa.\" \/>\n<meta property=\"og:url\" content=\"https:\/\/www.agorabcn.com\/en\/sustainability\/\" \/>\n<meta property=\"og:site_name\" content=\"\u00c0gora Bcn\" \/>\n<meta property=\"article:modified_time\" content=\"2026-03-04T09:06:43+00:00\" \/>\n<meta property=\"og:image\" content=\"https:\/\/www.agorabcn.com\/wp-content\/uploads\/2025\/04\/agora_bcn_capcalara-1024x683.webp\" \/>\n<meta name=\"twitter:card\" content=\"summary_large_image\" \/>\n<meta name=\"twitter:label1\" content=\"Est. reading time\" \/>\n\t<meta name=\"twitter:data1\" content=\"2 minutes\" \/>\n<script type=\"application\/ld+json\" class=\"yoast-schema-graph\">{\"@context\":\"https:\\\/\\\/schema.org\",\"@graph\":[{\"@type\":\"WebPage\",\"@id\":\"https:\\\/\\\/www.agorabcn.com\\\/en\\\/sustainability\\\/\",\"url\":\"https:\\\/\\\/www.agorabcn.com\\\/en\\\/sustainability\\\/\",\"name\":\"Sustainability of the Residence - \u00c0gora Bcn\",\"isPartOf\":{\"@id\":\"https:\\\/\\\/www.agorabcn.com\\\/en\\\/#website\"},\"primaryImageOfPage\":{\"@id\":\"https:\\\/\\\/www.agorabcn.com\\\/en\\\/sustainability\\\/#primaryimage\"},\"image\":{\"@id\":\"https:\\\/\\\/www.agorabcn.com\\\/en\\\/sustainability\\\/#primaryimage\"},\"thumbnailUrl\":\"https:\\\/\\\/www.agorabcn.com\\\/wp-content\\\/uploads\\\/2025\\\/04\\\/agora_bcn_capcalara-1024x683.webp\",\"datePublished\":\"2025-04-30T13:34:40+00:00\",\"dateModified\":\"2026-03-04T09:06:43+00:00\",\"description\":\"\u00c0GORA BCN es un espacio ideal para el estudio y la formaci\u00f3n. En \u00c0GORA BCN encontrar\u00e1s todo lo que necesites para sentirte como en casa.\",\"breadcrumb\":{\"@id\":\"https:\\\/\\\/www.agorabcn.com\\\/en\\\/sustainability\\\/#breadcrumb\"},\"inLanguage\":\"en-US\",\"potentialAction\":[{\"@type\":\"ReadAction\",\"target\":[\"https:\\\/\\\/www.agorabcn.com\\\/en\\\/sustainability\\\/\"]}]},{\"@type\":\"ImageObject\",\"inLanguage\":\"en-US\",\"@id\":\"https:\\\/\\\/www.agorabcn.com\\\/en\\\/sustainability\\\/#primaryimage\",\"url\":\"https:\\\/\\\/www.agorabcn.com\\\/wp-content\\\/uploads\\\/2025\\\/04\\\/agora_bcn_capcalara-1024x683.webp\",\"contentUrl\":\"https:\\\/\\\/www.agorabcn.com\\\/wp-content\\\/uploads\\\/2025\\\/04\\\/agora_bcn_capcalara-1024x683.webp\"},{\"@type\":\"BreadcrumbList\",\"@id\":\"https:\\\/\\\/www.agorabcn.com\\\/en\\\/sustainability\\\/#breadcrumb\",\"itemListElement\":[{\"@type\":\"ListItem\",\"position\":1,\"name\":\"Portada\",\"item\":\"https:\\\/\\\/www.agorabcn.com\\\/en\\\/\"},{\"@type\":\"ListItem\",\"position\":2,\"name\":\"Sustainability of the Residence\"}]},{\"@type\":\"WebSite\",\"@id\":\"https:\\\/\\\/www.agorabcn.com\\\/en\\\/#website\",\"url\":\"https:\\\/\\\/www.agorabcn.com\\\/en\\\/\",\"name\":\"\u00c0gora Bcn\",\"description\":\"Residencia universitaria internacional en Barcelona\",\"potentialAction\":[{\"@type\":\"SearchAction\",\"target\":{\"@type\":\"EntryPoint\",\"urlTemplate\":\"https:\\\/\\\/www.agorabcn.com\\\/en\\\/?s={search_term_string}\"},\"query-input\":{\"@type\":\"PropertyValueSpecification\",\"valueRequired\":true,\"valueName\":\"search_term_string\"}}],\"inLanguage\":\"en-US\"}]}<\/script>\n<!-- \/ Yoast SEO plugin. -->","yoast_head_json":{"title":"Sustainability of the Residence - \u00c0gora Bcn","description":"\u00c0GORA BCN es un espacio ideal para el estudio y la formaci\u00f3n. En \u00c0GORA BCN encontrar\u00e1s todo lo que necesites para sentirte como en casa.","robots":{"index":"index","follow":"follow","max-snippet":"max-snippet:-1","max-image-preview":"max-image-preview:large","max-video-preview":"max-video-preview:-1"},"canonical":"https:\/\/www.agorabcn.com\/en\/sustainability\/","og_locale":"en_US","og_type":"article","og_title":"Sustainability of the Residence - \u00c0gora Bcn","og_description":"\u00c0GORA BCN es un espacio ideal para el estudio y la formaci\u00f3n. En \u00c0GORA BCN encontrar\u00e1s todo lo que necesites para sentirte como en casa.","og_url":"https:\/\/www.agorabcn.com\/en\/sustainability\/","og_site_name":"\u00c0gora Bcn","article_modified_time":"2026-03-04T09:06:43+00:00","og_image":[{"url":"https:\/\/www.agorabcn.com\/wp-content\/uploads\/2025\/04\/agora_bcn_capcalara-1024x683.webp","type":"","width":"","height":""}],"twitter_card":"summary_large_image","twitter_misc":{"Est. reading time":"2 minutes"},"schema":{"@context":"https:\/\/schema.org","@graph":[{"@type":"WebPage","@id":"https:\/\/www.agorabcn.com\/en\/sustainability\/","url":"https:\/\/www.agorabcn.com\/en\/sustainability\/","name":"Sustainability of the Residence - \u00c0gora Bcn","isPartOf":{"@id":"https:\/\/www.agorabcn.com\/en\/#website"},"primaryImageOfPage":{"@id":"https:\/\/www.agorabcn.com\/en\/sustainability\/#primaryimage"},"image":{"@id":"https:\/\/www.agorabcn.com\/en\/sustainability\/#primaryimage"},"thumbnailUrl":"https:\/\/www.agorabcn.com\/wp-content\/uploads\/2025\/04\/agora_bcn_capcalara-1024x683.webp","datePublished":"2025-04-30T13:34:40+00:00","dateModified":"2026-03-04T09:06:43+00:00","description":"\u00c0GORA BCN es un espacio ideal para el estudio y la formaci\u00f3n. En \u00c0GORA BCN encontrar\u00e1s todo lo que necesites para sentirte como en casa.","breadcrumb":{"@id":"https:\/\/www.agorabcn.com\/en\/sustainability\/#breadcrumb"},"inLanguage":"en-US","potentialAction":[{"@type":"ReadAction","target":["https:\/\/www.agorabcn.com\/en\/sustainability\/"]}]},{"@type":"ImageObject","inLanguage":"en-US","@id":"https:\/\/www.agorabcn.com\/en\/sustainability\/#primaryimage","url":"https:\/\/www.agorabcn.com\/wp-content\/uploads\/2025\/04\/agora_bcn_capcalara-1024x683.webp","contentUrl":"https:\/\/www.agorabcn.com\/wp-content\/uploads\/2025\/04\/agora_bcn_capcalara-1024x683.webp"},{"@type":"BreadcrumbList","@id":"https:\/\/www.agorabcn.com\/en\/sustainability\/#breadcrumb","itemListElement":[{"@type":"ListItem","position":1,"name":"Portada","item":"https:\/\/www.agorabcn.com\/en\/"},{"@type":"ListItem","position":2,"name":"Sustainability of the Residence"}]},{"@type":"WebSite","@id":"https:\/\/www.agorabcn.com\/en\/#website","url":"https:\/\/www.agorabcn.com\/en\/","name":"\u00c0gora Bcn","description":"Residencia universitaria internacional en Barcelona","potentialAction":[{"@type":"SearchAction","target":{"@type":"EntryPoint","urlTemplate":"https:\/\/www.agorabcn.com\/en\/?s={search_term_string}"},"query-input":{"@type":"PropertyValueSpecification","valueRequired":true,"valueName":"search_term_string"}}],"inLanguage":"en-US"}]}},"_links":{"self":[{"href":"https:\/\/www.agorabcn.com\/en\/wp-json\/wp\/v2\/pages\/11798","targetHints":{"allow":["GET"]}}],"collection":[{"href":"https:\/\/www.agorabcn.com\/en\/wp-json\/wp\/v2\/pages"}],"about":[{"href":"https:\/\/www.agorabcn.com\/en\/wp-json\/wp\/v2\/types\/page"}],"author":[{"embeddable":true,"href":"https:\/\/www.agorabcn.com\/en\/wp-json\/wp\/v2\/users\/1"}],"replies":[{"embeddable":true,"href":"https:\/\/www.agorabcn.com\/en\/wp-json\/wp\/v2\/comments?post=11798"}],"version-history":[{"count":7,"href":"https:\/\/www.agorabcn.com\/en\/wp-json\/wp\/v2\/pages\/11798\/revisions"}],"predecessor-version":[{"id":32585,"href":"https:\/\/www.agorabcn.com\/en\/wp-json\/wp\/v2\/pages\/11798\/revisions\/32585"}],"wp:attachment":[{"href":"https:\/\/www.agorabcn.com\/en\/wp-json\/wp\/v2\/media?parent=11798"}],"curies":[{"name":"wp","href":"https:\/\/api.w.org\/{rel}","templated":true}]}}