{"id":1144,"date":"2022-02-14T09:30:53","date_gmt":"2022-02-14T09:30:53","guid":{"rendered":"http:\/\/13.36.145.80\/quienes-somos\/"},"modified":"2026-01-26T09:01:43","modified_gmt":"2026-01-26T09:01:43","slug":"who-we-are","status":"publish","type":"page","link":"https:\/\/www.agorabcn.com\/en\/who-we-are\/","title":{"rendered":"Who we are"},"content":{"rendered":"\n<div class=\"wp-block-cover is-light\"><img decoding=\"async\" class=\"wp-block-cover__image-background wp-image-32189 size-large\" alt=\"\" src=\"https:\/\/www.agorabcn.com\/wp-content\/uploads\/2026\/01\/Quienes_Somos_Agora-1024x683.webp\" data-object-fit=\"cover\"\/><span aria-hidden=\"true\" class=\"wp-block-cover__background has-background-dim\" style=\"background-color:#cdb47e\"><\/span><div class=\"wp-block-cover__inner-container is-layout-flow wp-block-cover-is-layout-flow\">\n<div class=\"wp-block-group wrapper\"><div class=\"wp-block-group__inner-container is-layout-flow wp-block-group-is-layout-flow\">\n<h1 class=\"wp-block-heading\" id=\"quienes-somos\"><strong><strong><strong>Who we are<\/strong><\/strong><\/strong><\/h1>\n<\/div><\/div>\n<\/div><\/div>\n\n\n\n<div class=\"wp-block-group padding wrapper\"><div class=\"wp-block-group__inner-container is-layout-flow wp-block-group-is-layout-flow\">\n<h2 class=\"wp-block-heading has-text-align-center padding-bottom\" id=\"lorem-ipsum-dolor-sit-amet\"><strong><strong><strong><strong>\u00c0gora BCN, a university residence with purpose<\/strong><\/strong><\/strong><\/strong><\/h2>\n\n\n\n<div class=\"wp-block-media-text alignwide is-stacked-on-mobile html\"><figure class=\"wp-block-media-text__media\"><img decoding=\"async\" src=\"https:\/\/www.agorabcn.com\/wp-content\/uploads\/2026\/01\/Agora-quienes-somos-cuadro-optimized-1024x684.webp\" alt=\"\" class=\"wp-image-32190 size-full\"\/><\/figure><div class=\"wp-block-media-text__content\">\n<p>\u00c0gora BCN is the <strong>university hall of residence of <\/strong><a href=\"https:\/\/campus.cett.es\/cett-fundacio\/en\/\"><strong>CETT Fundaci\u00f3<\/strong><\/a>, a private non-profit institution linked to CETT, Barcelona School of Tourism, Hospitality and Gastronomy \u2014 a benchmark in training, research and professionalisation in the fields of tourism, hospitality and gastronomy.<\/p>\n\n\n\n<div style=\"height:10px\" aria-hidden=\"true\" class=\"wp-block-spacer\"><\/div>\n\n\n\n<p><strong>A prestigious academic community<\/strong><\/p>\n\n\n\n<p>This connection allows us to go beyond offering quality accommodation. Becoming part of \u00c0gora BCN means joining a prestigious academic community that shares CETT Fundaci\u00f3\u2019s values:<\/p>\n\n\n\n<p><meta http-equiv=\"content-type\" content=\"text\/html; charset=utf-8\"><\/meta>  \u00b7 Educational excellence.<br><meta http-equiv=\"content-type\" content=\"text\/html; charset=utf-8\"><\/meta>  \u00b7 Sustainability.<br><meta http-equiv=\"content-type\" content=\"text\/html; charset=utf-8\"><\/meta>  \u00b7 Social commitment.<br><meta http-equiv=\"content-type\" content=\"text\/html; charset=utf-8\"><\/meta>  \u00b7 Preparing professionals with real-world impact.<\/p>\n\n\n\n<div style=\"height:10px\" aria-hidden=\"true\" class=\"wp-block-spacer\"><\/div>\n\n\n\n<p><strong>Facilities and services<\/strong><\/p>\n\n\n\n<p><meta http-equiv=\"content-type\" content=\"text\/html; charset=utf-8\"><\/meta>  \u00b7 <strong>220 spacious and bright rooms<\/strong> (single, double and adapted).<br><br><meta http-equiv=\"content-type\" content=\"text\/html; charset=utf-8\"><\/meta>  \u00b7 Study rooms and multipurpose spaces for working or collaborating.<br><br><meta http-equiv=\"content-type\" content=\"text\/html; charset=utf-8\"><\/meta>  \u00b7 Green areas, terrace and garden to relax and socialise.<br><br><meta http-equiv=\"content-type\" content=\"text\/html; charset=utf-8\"><\/meta>  \u00b7 <strong>A healthy buffet<\/strong> adapted to all diets, allergies and needs.<\/p>\n\n\n\n<p><strong>Your home in Barcelona, your community in the world.<\/strong><\/p>\n\n\n\n<div style=\"height:10px\" aria-hidden=\"true\" class=\"wp-block-spacer\"><\/div>\n\n\n\n<p><strong>Privileged location<\/strong><\/p>\n\n\n\n<p>The residence is located next to the <strong>Campus Mundet of the University of Barcelona<\/strong>, just minutes away from the city centre with metro and bus connections.<\/p>\n\n\n\n<div style=\"height:10px\" aria-hidden=\"true\" class=\"wp-block-spacer\"><\/div>\n\n\n\n<p><strong>Dedicated floor for faculty and postgraduates<\/strong><\/p>\n\n\n\n<p>\u00c0gora BCN also includes a floor for <strong>professors, master\u2019s, postgraduate and PhD students<\/strong>, offering specific services and tailored spaces.<\/p>\n\n\n\n<p>At \u00c0gora BCN you will find not only a<strong> university residence<\/strong>, but also the support of an institution committed to your academic and personal development.<\/p>\n<\/div><\/div>\n<\/div><\/div>\n","protected":false},"excerpt":{"rendered":"<p>\u00c0gora BCN, a university residence with purpose \u00c0gora BCN is the university hall of residence of CETT Fundaci\u00f3, a private non-profit institution linked to CETT, Barcelona School of Tourism, Hospitality and Gastronomy \u2014 a benchmark in training, research and professionalisation in the fields of tourism, hospitality and gastronomy. A prestigious academic community This connection allows [&hellip;]<\/p>\n","protected":false},"author":1,"featured_media":0,"parent":0,"menu_order":0,"comment_status":"closed","ping_status":"closed","template":"","meta":{"_acf_changed":false,"footnotes":""},"class_list":["post-1144","page","type-page","status-publish","hentry"],"acf":[],"yoast_head":"<!-- This site is optimized with the Yoast SEO plugin v27.6 - https:\/\/yoast.com\/product\/yoast-seo-wordpress\/ -->\n<title>Who we are - \u00c0gora Bcn<\/title>\n<meta name=\"description\" content=\"\u00c0GORA BCN is an ideal space for study and training. At \u00c0GORA BCN you will find everything you need to feel at home.\" \/>\n<meta name=\"robots\" content=\"index, follow, max-snippet:-1, max-image-preview:large, max-video-preview:-1\" \/>\n<link rel=\"canonical\" href=\"https:\/\/www.agorabcn.com\/en\/who-we-are\/\" \/>\n<meta property=\"og:locale\" content=\"en_US\" \/>\n<meta property=\"og:type\" content=\"article\" \/>\n<meta property=\"og:title\" content=\"Who we are - \u00c0gora Bcn\" \/>\n<meta property=\"og:description\" content=\"\u00c0GORA BCN is an ideal space for study and training. At \u00c0GORA BCN you will find everything you need to feel at home.\" \/>\n<meta property=\"og:url\" content=\"https:\/\/www.agorabcn.com\/en\/who-we-are\/\" \/>\n<meta property=\"og:site_name\" content=\"\u00c0gora Bcn\" \/>\n<meta property=\"article:modified_time\" content=\"2026-01-26T09:01:43+00:00\" \/>\n<meta property=\"og:image\" content=\"https:\/\/www.agorabcn.com\/wp-content\/uploads\/2026\/01\/Quienes_Somos_Agora-1024x683.webp\" \/>\n<meta name=\"twitter:card\" content=\"summary_large_image\" \/>\n<meta name=\"twitter:label1\" content=\"Est. reading time\" \/>\n\t<meta name=\"twitter:data1\" content=\"2 minutes\" \/>\n<script type=\"application\/ld+json\" class=\"yoast-schema-graph\">{\"@context\":\"https:\\\/\\\/schema.org\",\"@graph\":[{\"@type\":\"WebPage\",\"@id\":\"https:\\\/\\\/www.agorabcn.com\\\/en\\\/who-we-are\\\/\",\"url\":\"https:\\\/\\\/www.agorabcn.com\\\/en\\\/who-we-are\\\/\",\"name\":\"Who we are - \u00c0gora Bcn\",\"isPartOf\":{\"@id\":\"https:\\\/\\\/www.agorabcn.com\\\/en\\\/#website\"},\"primaryImageOfPage\":{\"@id\":\"https:\\\/\\\/www.agorabcn.com\\\/en\\\/who-we-are\\\/#primaryimage\"},\"image\":{\"@id\":\"https:\\\/\\\/www.agorabcn.com\\\/en\\\/who-we-are\\\/#primaryimage\"},\"thumbnailUrl\":\"https:\\\/\\\/www.agorabcn.com\\\/wp-content\\\/uploads\\\/2026\\\/01\\\/Quienes_Somos_Agora-1024x683.webp\",\"datePublished\":\"2022-02-14T09:30:53+00:00\",\"dateModified\":\"2026-01-26T09:01:43+00:00\",\"description\":\"\u00c0GORA BCN is an ideal space for study and training. At \u00c0GORA BCN you will find everything you need to feel at home.\",\"breadcrumb\":{\"@id\":\"https:\\\/\\\/www.agorabcn.com\\\/en\\\/who-we-are\\\/#breadcrumb\"},\"inLanguage\":\"en-US\",\"potentialAction\":[{\"@type\":\"ReadAction\",\"target\":[\"https:\\\/\\\/www.agorabcn.com\\\/en\\\/who-we-are\\\/\"]}]},{\"@type\":\"ImageObject\",\"inLanguage\":\"en-US\",\"@id\":\"https:\\\/\\\/www.agorabcn.com\\\/en\\\/who-we-are\\\/#primaryimage\",\"url\":\"https:\\\/\\\/www.agorabcn.com\\\/wp-content\\\/uploads\\\/2026\\\/01\\\/Quienes_Somos_Agora-1024x683.webp\",\"contentUrl\":\"https:\\\/\\\/www.agorabcn.com\\\/wp-content\\\/uploads\\\/2026\\\/01\\\/Quienes_Somos_Agora-1024x683.webp\"},{\"@type\":\"BreadcrumbList\",\"@id\":\"https:\\\/\\\/www.agorabcn.com\\\/en\\\/who-we-are\\\/#breadcrumb\",\"itemListElement\":[{\"@type\":\"ListItem\",\"position\":1,\"name\":\"Portada\",\"item\":\"https:\\\/\\\/www.agorabcn.com\\\/en\\\/\"},{\"@type\":\"ListItem\",\"position\":2,\"name\":\"Who we are\"}]},{\"@type\":\"WebSite\",\"@id\":\"https:\\\/\\\/www.agorabcn.com\\\/en\\\/#website\",\"url\":\"https:\\\/\\\/www.agorabcn.com\\\/en\\\/\",\"name\":\"\u00c0gora Bcn\",\"description\":\"Residencia universitaria internacional en Barcelona\",\"potentialAction\":[{\"@type\":\"SearchAction\",\"target\":{\"@type\":\"EntryPoint\",\"urlTemplate\":\"https:\\\/\\\/www.agorabcn.com\\\/en\\\/?s={search_term_string}\"},\"query-input\":{\"@type\":\"PropertyValueSpecification\",\"valueRequired\":true,\"valueName\":\"search_term_string\"}}],\"inLanguage\":\"en-US\"}]}<\/script>\n<!-- \/ Yoast SEO plugin. -->","yoast_head_json":{"title":"Who we are - \u00c0gora Bcn","description":"\u00c0GORA BCN is an ideal space for study and training. At \u00c0GORA BCN you will find everything you need to feel at home.","robots":{"index":"index","follow":"follow","max-snippet":"max-snippet:-1","max-image-preview":"max-image-preview:large","max-video-preview":"max-video-preview:-1"},"canonical":"https:\/\/www.agorabcn.com\/en\/who-we-are\/","og_locale":"en_US","og_type":"article","og_title":"Who we are - \u00c0gora Bcn","og_description":"\u00c0GORA BCN is an ideal space for study and training. At \u00c0GORA BCN you will find everything you need to feel at home.","og_url":"https:\/\/www.agorabcn.com\/en\/who-we-are\/","og_site_name":"\u00c0gora Bcn","article_modified_time":"2026-01-26T09:01:43+00:00","og_image":[{"url":"https:\/\/www.agorabcn.com\/wp-content\/uploads\/2026\/01\/Quienes_Somos_Agora-1024x683.webp","type":"","width":"","height":""}],"twitter_card":"summary_large_image","twitter_misc":{"Est. reading time":"2 minutes"},"schema":{"@context":"https:\/\/schema.org","@graph":[{"@type":"WebPage","@id":"https:\/\/www.agorabcn.com\/en\/who-we-are\/","url":"https:\/\/www.agorabcn.com\/en\/who-we-are\/","name":"Who we are - \u00c0gora Bcn","isPartOf":{"@id":"https:\/\/www.agorabcn.com\/en\/#website"},"primaryImageOfPage":{"@id":"https:\/\/www.agorabcn.com\/en\/who-we-are\/#primaryimage"},"image":{"@id":"https:\/\/www.agorabcn.com\/en\/who-we-are\/#primaryimage"},"thumbnailUrl":"https:\/\/www.agorabcn.com\/wp-content\/uploads\/2026\/01\/Quienes_Somos_Agora-1024x683.webp","datePublished":"2022-02-14T09:30:53+00:00","dateModified":"2026-01-26T09:01:43+00:00","description":"\u00c0GORA BCN is an ideal space for study and training. At \u00c0GORA BCN you will find everything you need to feel at home.","breadcrumb":{"@id":"https:\/\/www.agorabcn.com\/en\/who-we-are\/#breadcrumb"},"inLanguage":"en-US","potentialAction":[{"@type":"ReadAction","target":["https:\/\/www.agorabcn.com\/en\/who-we-are\/"]}]},{"@type":"ImageObject","inLanguage":"en-US","@id":"https:\/\/www.agorabcn.com\/en\/who-we-are\/#primaryimage","url":"https:\/\/www.agorabcn.com\/wp-content\/uploads\/2026\/01\/Quienes_Somos_Agora-1024x683.webp","contentUrl":"https:\/\/www.agorabcn.com\/wp-content\/uploads\/2026\/01\/Quienes_Somos_Agora-1024x683.webp"},{"@type":"BreadcrumbList","@id":"https:\/\/www.agorabcn.com\/en\/who-we-are\/#breadcrumb","itemListElement":[{"@type":"ListItem","position":1,"name":"Portada","item":"https:\/\/www.agorabcn.com\/en\/"},{"@type":"ListItem","position":2,"name":"Who we are"}]},{"@type":"WebSite","@id":"https:\/\/www.agorabcn.com\/en\/#website","url":"https:\/\/www.agorabcn.com\/en\/","name":"\u00c0gora Bcn","description":"Residencia universitaria internacional en Barcelona","potentialAction":[{"@type":"SearchAction","target":{"@type":"EntryPoint","urlTemplate":"https:\/\/www.agorabcn.com\/en\/?s={search_term_string}"},"query-input":{"@type":"PropertyValueSpecification","valueRequired":true,"valueName":"search_term_string"}}],"inLanguage":"en-US"}]}},"_links":{"self":[{"href":"https:\/\/www.agorabcn.com\/en\/wp-json\/wp\/v2\/pages\/1144","targetHints":{"allow":["GET"]}}],"collection":[{"href":"https:\/\/www.agorabcn.com\/en\/wp-json\/wp\/v2\/pages"}],"about":[{"href":"https:\/\/www.agorabcn.com\/en\/wp-json\/wp\/v2\/types\/page"}],"author":[{"embeddable":true,"href":"https:\/\/www.agorabcn.com\/en\/wp-json\/wp\/v2\/users\/1"}],"replies":[{"embeddable":true,"href":"https:\/\/www.agorabcn.com\/en\/wp-json\/wp\/v2\/comments?post=1144"}],"version-history":[{"count":6,"href":"https:\/\/www.agorabcn.com\/en\/wp-json\/wp\/v2\/pages\/1144\/revisions"}],"predecessor-version":[{"id":32192,"href":"https:\/\/www.agorabcn.com\/en\/wp-json\/wp\/v2\/pages\/1144\/revisions\/32192"}],"wp:attachment":[{"href":"https:\/\/www.agorabcn.com\/en\/wp-json\/wp\/v2\/media?parent=1144"}],"curies":[{"name":"wp","href":"https:\/\/api.w.org\/{rel}","templated":true}]}}