{"id":738,"date":"2022-02-14T09:31:35","date_gmt":"2022-02-14T09:31:35","guid":{"rendered":"http:\/\/13.36.145.80\/index.php\/politica-de-privacidad\/"},"modified":"2022-04-20T10:42:09","modified_gmt":"2022-04-20T10:42:09","slug":"politica-de-privadesa","status":"publish","type":"page","link":"https:\/\/www.agorabcn.com\/ca\/politica-de-privadesa\/","title":{"rendered":"Pol\u00edtica de privadesa"},"content":{"rendered":"\n<h1 class=\"html wrapper padding has-x-large-font-size wp-block-heading\" style=\"font-style:normal;font-weight:700\"><br>Pol\u00edtica de Privadesa<\/h1>\n\n\n\n<p class=\"html wrapper\"><strong>Informaci\u00f3 general:<\/strong><\/p>\n\n\n\n<p class=\"html wrapper\">Als efectes d\u2019all\u00f2 que s\u2019ha previst en la Llei 34\/2002 d\u201911 de juliol de Serveis de la Societat de la Informaci\u00f3 i del Comer\u00e7 Electr\u00f2nic, (en endavant, la LSSICE), s\u2019informa l\u2019usuari, (en endavant, l\u2019USUARI), que accedeix a aquesta p\u00e0gina web amb els dominis,\u00a0<a href=\"https:\/\/www.agorabcn.com\/ca\/\">www.agorabcn.com<\/a>\u00a0(en endavant, la WEB), la informaci\u00f3 de la qual sobre el prestador del servei \u00e9s:<\/p>\n\n\n\n<p class=\"html wrapper\">Denominaci\u00f3 social: Fundaci\u00f3 Gaspar Espu\u00f1a \u2013 CETT<br>Avda. Can Marcet,36-38<br>08035 BARCELONA<br>CIF: G62294418<\/p>\n\n\n\n<p><p class=\"html wrapper\">Tel: 93 166 90 00<br>Correu-e: agora.info@cett.cat<\/p><br><\/p>\n\n\n\n<p class=\"html wrapper\"><strong>Termes i condicions:<\/strong><\/p>\n\n\n\n<p class=\"html wrapper\">Els continguts, activitats comercials i serveis, en general, prestats &nbsp;a trav\u00e9s de la WEB estan sotmesos als termes i condicions previstos en aquest \u201cAv\u00eds Legal\u201d (en endavant, l\u2019AV\u00cdS), i compleixen amb la legislaci\u00f3 espanyola vigent, en especial, amb l\u2019esmentada LSSICE i el reglament RGPD EU 2016\/679<\/p>\n\n\n\n<p class=\"html wrapper\">L\u2019Usuari accepta tots els termes i condicions recollits en aquest AV\u00cdS en accedir a la web.<\/p>\n\n\n\n<p><p class=\"html wrapper\">En relaci\u00f3 amb les imatges de persones que apareixen en el WEB, Fundaci\u00f3 Gaspar Espu\u00f1a \u2013 CETT (en endavant FGE) les utilitza respectant el dret a la pr\u00f2pia imatge. Aquestes imatges s\u2019utilitzen exclusivament amb la finalitat de compondre fitxers o v\u00eddeos gr\u00e0fics, realitzats per informar i fer con\u00e8ixer l\u2019activitat de FGE. En cap cas seran utilitzats amb altres finalitats ni cedides a tercers sense l\u2019autoritzaci\u00f3 corresponent.<\/p><br><\/p>\n\n\n\n<p class=\"html wrapper\"><strong>Pol\u00edtica de privacitat i protecci\u00f3 de dades: &nbsp;<\/strong><\/p>\n\n\n\n<p class=\"html wrapper\">El subministrament de qualsevol dada de car\u00e0cter personal a trav\u00e9s dels diferents formularis de la WEB implica acceptar i consentir expressament el tractament d\u2019aquests en els termes indicats i les finalitats descrites.<\/p>\n\n\n\n<p class=\"html wrapper\">En compliment del&nbsp;RGPD&nbsp;EU 2016\/679 (Reglament (EU) 2016\/679 del Parlament Europeu i del Consell del 27 d\u2019abril de 2016 relatiu a la protecci\u00f3 de les persones f\u00edsiques pel que fa al tractament de dades personals i a la lliure circulaci\u00f3 d\u2019aquestes dades i el reglament i normativa vigent en protecci\u00f3 de dades de car\u00e0cter personal, li informem que:<\/p>\n\n\n\n<p class=\"html wrapper\">a. La finalitat de la recollida i del tractament de les dades personals que ens facilitin ser\u00e0 la prestaci\u00f3 dels serveis sol\u00b7licitats.<\/p>\n\n\n\n<p class=\"html wrapper\">b. Les dades que ens faciliti estaran situades en els fitxers de&nbsp;Grup&nbsp;CETT, situats dins de la Uni\u00f3 Europea, garantint el&nbsp;Grup&nbsp;CETT&nbsp;uns nivells de seguretat adequats.<\/p>\n\n\n\n<p class=\"html wrapper\">c. La possibilitat d\u2019exercir els seus drets d\u2019acc\u00e9s, rectificaci\u00f3, cancel\u00b7laci\u00f3 i oposici\u00f3, oblit, limitaci\u00f3 del tractament, portabilitat i a no ser objecte de decisions individualitzades automatitzades, mitjan\u00e7ant sol\u00b7licitud escrita, dirigida al domicili fiscal de&nbsp;Grup&nbsp;CETT&nbsp;situat en:<\/p>\n\n\n\n<p class=\"html wrapper\">Fundaci\u00f3 Gaspar Espu\u00f1a \u2013 CETT<\/p>\n\n\n\n<p class=\"html wrapper\">Av. Can Marcet, 36-38 08035 BARCELONA<\/p>\n\n\n\n<p><p class=\"html wrapper\">d. A tals efectes, l\u2019interessat haur\u00e0 d\u2019enviar la comunicaci\u00f3 escrita indicant la petici\u00f3 o dret que exercita juntament amb una c\u00f2pia del seu DNI o document v\u00e0lid en dret que acrediti la seva identitat, amb la finalitat d\u2019identificar-ho inequ\u00edvocament.<\/p><br><\/p>\n\n\n\n<p class=\"html wrapper\"><strong>Drets de propietat intel<strong>\u2022l<\/strong>ectual:<\/strong><\/p>\n\n\n\n<p class=\"html wrapper\">L\u2019USUARI reconeix i accepta que tots els drets de propietat intel\u2022lectual sobre els Continguts i\/o qualssevol altres elements inserits en el WEB, tals com marques, logotips, noms comercials, textos, imatges, gr\u00e0fics, dissenys, sons, bases de dades, entre altres, pertanyen a FGE.<\/p>\n\n\n\n<p><p class=\"html wrapper\">L\u2019\u00fas de la WEB no confereix a l\u2019USUARI el dret d\u2019alteraci\u00f3, explotaci\u00f3, reproducci\u00f3, distribuci\u00f3 o comunicaci\u00f3 p\u00fablica dels seus continguts.<\/p><br><\/p>\n\n\n\n<p class=\"html wrapper\"><strong>Responsabilitat:<\/strong><\/p>\n\n\n\n<p><p class=\"html wrapper\">L\u2019USUARI accepta que l\u2019\u00fas de la WEB, dels continguts i\/o dels serveis es du a terme sota la seva \u00fanica i exclusiva responsabilitat i que FGE no atorga cap garantia sobre la disponibilitat i continu\u00eftat del funcionament d\u2019aquest, ni dels continguts i\/o serveis que s\u2019incorporen.<\/p><br><\/p>\n\n\n\n<p class=\"html wrapper\"><strong>Pol\u00edtica de cookies:<\/strong><\/p>\n\n\n\n<p class=\"html wrapper\">FGE informa sobre l\u2019\u00fas de cookies a les p\u00e0gines web del seu portal corporatiu. Les cookies s\u00f3n arxius que es poden descarregar al seu equip a trav\u00e9s de les p\u00e0gines web. S\u00f3n eines fonamentals per poder oferir determinats serveis de la societat de la informaci\u00f3. Entre altres, permeten que una p\u00e0gina WEB pugui recuperar informaci\u00f3 sobre els h\u00e0bits de navegaci\u00f3 d\u2019un usuari o dels accions realitzades des de un equip determinat i, a partir d\u2019aquestes dades, poder recon\u00e8ixer l\u2019usuari i millorar el servei.<\/p>\n\n\n\n<p><\/p>\n\n\n\n<p class=\"html wrapper\"><strong><strong>Tipus de cookies<\/strong>: <\/strong>Segons quina sigui l\u2019entitat que gestioni el domini des d\u2019on s\u2019envien, les cookies i tracte de les dades obtingudes, podem trobar dos tipus: cookies pr\u00f2pies i cookies de tercers. Tamb\u00e9 es poden classificar, segons el termini que estan en el navegador de &nbsp;l\u2019usuari, en cookies de sessi\u00f3 o cookies persistents. Finalment, les cookies es poden agrupar en cinc grups, atenent a la finalitat de les dades obtingudes: t\u00e8cnics, de personalitzaci\u00f3, d\u2019an\u00e0lisi, publicit\u00e0ries i de publicitat &nbsp;comportamental. Existeix m\u00e9s informaci\u00f3 en la \u201c<a href=\"https:\/\/www.aepd.es\/sites\/default\/files\/2020-07\/guia-cookies.pdf\">Guia sobre l\u2019\u00fas de les cookies de l\u2019Ag\u00e8ncia Espanyola de Protecci\u00f3 de Dades<\/a>\u201d.<\/p>\n\n\n\n<p class=\"html wrapper\">L\u2019anal\u00edtica web permet con\u00e8ixer el nombre d\u2019usuaris que accedeixen a la WEB, el nombre de p\u00e0gines visitades, la freq\u00fc\u00e8ncia i repetici\u00f3 de les visites, la durada, el navegador utilitzat, l\u2019operador que d\u00f3na el servei, l\u2019idioma, el terminal que utilitza o la ciutat on est\u00e0 assignat &nbsp;IP de l\u2019interactor. Aquesta informaci\u00f3 possibilita un millor servei per part d\u2019aquesta WEB.<\/p>\n\n\n\n<p><p class=\"html wrapper\">Acceptaci\u00f3 de la Pol\u00edtica de Cookies: FGE assumeix que tot visitant de la WEB accepta l\u2019\u00fas de cookies.<\/p><br><\/p>\n\n\n\n<p class=\"html wrapper\"><strong><strong>Llei aplicable i jurisdicci\u00f3:<\/strong><\/strong><\/p>\n\n\n\n<p><p class=\"html wrapper\" style=\"padding-bottom:50px;\">El contingut del present av\u00eds legal es regir\u00e0 conformement  amb la legislaci\u00f3 espanyola. No obstant aix\u00f2, si la normativa possibilita que les parts puguin renunciar al seu fur i sotmetre\u2019s a un altre, FGE i l\u2019Usuari, amb ren\u00fancia expressa a qualsevol altre fur que pogu\u00e9s correspondre\u2019ls, se sotmetran als Jutjats i Tribunals de la ciutat de Barcelona.<\/p><\/p>\n","protected":false},"excerpt":{"rendered":"<p>Pol\u00edtica de Privadesa Informaci\u00f3 general: Als efectes d\u2019all\u00f2 que s\u2019ha previst en la Llei 34\/2002 d\u201911 de juliol de Serveis de la Societat de la Informaci\u00f3 i del Comer\u00e7 Electr\u00f2nic, (en endavant, la LSSICE), s\u2019informa l\u2019usuari, (en endavant, l\u2019USUARI), que accedeix a aquesta p\u00e0gina web amb els dominis,\u00a0www.agorabcn.com\u00a0(en endavant, la WEB), la informaci\u00f3 de la [&hellip;]<\/p>\n","protected":false},"author":1,"featured_media":0,"parent":0,"menu_order":0,"comment_status":"closed","ping_status":"closed","template":"","meta":{"_acf_changed":false,"footnotes":""},"class_list":["post-738","page","type-page","status-publish","hentry"],"acf":[],"yoast_head":"<!-- This site is optimized with the Yoast SEO plugin v27.4 - https:\/\/yoast.com\/product\/yoast-seo-wordpress\/ -->\n<title>Pol\u00edtica de privadesa - \u00c0gora Bcn<\/title>\n<meta name=\"description\" content=\"Consulta aqu\u00ed tota la Pol\u00edtica de Privadesa, de dades, de Cookies... d&#039;\u00c0gora BCN. \u00c0gora BCN compleix amb totes les normatives vigents.\" \/>\n<meta name=\"robots\" content=\"index, follow, max-snippet:-1, max-image-preview:large, max-video-preview:-1\" \/>\n<link rel=\"canonical\" href=\"https:\/\/www.agorabcn.com\/ca\/politica-de-privadesa\/\" \/>\n<meta property=\"og:locale\" content=\"ca_ES\" \/>\n<meta property=\"og:type\" content=\"article\" \/>\n<meta property=\"og:title\" content=\"Pol\u00edtica de privadesa - \u00c0gora Bcn\" \/>\n<meta property=\"og:description\" content=\"Consulta aqu\u00ed tota la Pol\u00edtica de Privadesa, de dades, de Cookies... d&#039;\u00c0gora BCN. \u00c0gora BCN compleix amb totes les normatives vigents.\" \/>\n<meta property=\"og:url\" content=\"https:\/\/www.agorabcn.com\/ca\/politica-de-privadesa\/\" \/>\n<meta property=\"og:site_name\" content=\"\u00c0gora Bcn\" \/>\n<meta property=\"article:modified_time\" content=\"2022-04-20T10:42:09+00:00\" \/>\n<meta name=\"twitter:card\" content=\"summary_large_image\" \/>\n<meta name=\"twitter:label1\" content=\"Temps estimat de lectura\" \/>\n\t<meta name=\"twitter:data1\" content=\"5 minuts\" \/>\n<script type=\"application\/ld+json\" class=\"yoast-schema-graph\">{\"@context\":\"https:\\\/\\\/schema.org\",\"@graph\":[{\"@type\":\"WebPage\",\"@id\":\"https:\\\/\\\/www.agorabcn.com\\\/ca\\\/politica-de-privadesa\\\/\",\"url\":\"https:\\\/\\\/www.agorabcn.com\\\/ca\\\/politica-de-privadesa\\\/\",\"name\":\"Pol\u00edtica de privadesa - \u00c0gora Bcn\",\"isPartOf\":{\"@id\":\"https:\\\/\\\/www.agorabcn.com\\\/ca\\\/#website\"},\"datePublished\":\"2022-02-14T09:31:35+00:00\",\"dateModified\":\"2022-04-20T10:42:09+00:00\",\"description\":\"Consulta aqu\u00ed tota la Pol\u00edtica de Privadesa, de dades, de Cookies... d'\u00c0gora BCN. \u00c0gora BCN compleix amb totes les normatives vigents.\",\"breadcrumb\":{\"@id\":\"https:\\\/\\\/www.agorabcn.com\\\/ca\\\/politica-de-privadesa\\\/#breadcrumb\"},\"inLanguage\":\"ca\",\"potentialAction\":[{\"@type\":\"ReadAction\",\"target\":[\"https:\\\/\\\/www.agorabcn.com\\\/ca\\\/politica-de-privadesa\\\/\"]}]},{\"@type\":\"BreadcrumbList\",\"@id\":\"https:\\\/\\\/www.agorabcn.com\\\/ca\\\/politica-de-privadesa\\\/#breadcrumb\",\"itemListElement\":[{\"@type\":\"ListItem\",\"position\":1,\"name\":\"Portada\",\"item\":\"https:\\\/\\\/www.agorabcn.com\\\/ca\\\/\"},{\"@type\":\"ListItem\",\"position\":2,\"name\":\"Pol\u00edtica de privadesa\"}]},{\"@type\":\"WebSite\",\"@id\":\"https:\\\/\\\/www.agorabcn.com\\\/ca\\\/#website\",\"url\":\"https:\\\/\\\/www.agorabcn.com\\\/ca\\\/\",\"name\":\"\u00c0gora Bcn\",\"description\":\"Residencia universitaria internacional en Barcelona\",\"potentialAction\":[{\"@type\":\"SearchAction\",\"target\":{\"@type\":\"EntryPoint\",\"urlTemplate\":\"https:\\\/\\\/www.agorabcn.com\\\/ca\\\/?s={search_term_string}\"},\"query-input\":{\"@type\":\"PropertyValueSpecification\",\"valueRequired\":true,\"valueName\":\"search_term_string\"}}],\"inLanguage\":\"ca\"}]}<\/script>\n<!-- \/ Yoast SEO plugin. -->","yoast_head_json":{"title":"Pol\u00edtica de privadesa - \u00c0gora Bcn","description":"Consulta aqu\u00ed tota la Pol\u00edtica de Privadesa, de dades, de Cookies... d'\u00c0gora BCN. \u00c0gora BCN compleix amb totes les normatives vigents.","robots":{"index":"index","follow":"follow","max-snippet":"max-snippet:-1","max-image-preview":"max-image-preview:large","max-video-preview":"max-video-preview:-1"},"canonical":"https:\/\/www.agorabcn.com\/ca\/politica-de-privadesa\/","og_locale":"ca_ES","og_type":"article","og_title":"Pol\u00edtica de privadesa - \u00c0gora Bcn","og_description":"Consulta aqu\u00ed tota la Pol\u00edtica de Privadesa, de dades, de Cookies... d'\u00c0gora BCN. \u00c0gora BCN compleix amb totes les normatives vigents.","og_url":"https:\/\/www.agorabcn.com\/ca\/politica-de-privadesa\/","og_site_name":"\u00c0gora Bcn","article_modified_time":"2022-04-20T10:42:09+00:00","twitter_card":"summary_large_image","twitter_misc":{"Temps estimat de lectura":"5 minuts"},"schema":{"@context":"https:\/\/schema.org","@graph":[{"@type":"WebPage","@id":"https:\/\/www.agorabcn.com\/ca\/politica-de-privadesa\/","url":"https:\/\/www.agorabcn.com\/ca\/politica-de-privadesa\/","name":"Pol\u00edtica de privadesa - \u00c0gora Bcn","isPartOf":{"@id":"https:\/\/www.agorabcn.com\/ca\/#website"},"datePublished":"2022-02-14T09:31:35+00:00","dateModified":"2022-04-20T10:42:09+00:00","description":"Consulta aqu\u00ed tota la Pol\u00edtica de Privadesa, de dades, de Cookies... d'\u00c0gora BCN. \u00c0gora BCN compleix amb totes les normatives vigents.","breadcrumb":{"@id":"https:\/\/www.agorabcn.com\/ca\/politica-de-privadesa\/#breadcrumb"},"inLanguage":"ca","potentialAction":[{"@type":"ReadAction","target":["https:\/\/www.agorabcn.com\/ca\/politica-de-privadesa\/"]}]},{"@type":"BreadcrumbList","@id":"https:\/\/www.agorabcn.com\/ca\/politica-de-privadesa\/#breadcrumb","itemListElement":[{"@type":"ListItem","position":1,"name":"Portada","item":"https:\/\/www.agorabcn.com\/ca\/"},{"@type":"ListItem","position":2,"name":"Pol\u00edtica de privadesa"}]},{"@type":"WebSite","@id":"https:\/\/www.agorabcn.com\/ca\/#website","url":"https:\/\/www.agorabcn.com\/ca\/","name":"\u00c0gora Bcn","description":"Residencia universitaria internacional en Barcelona","potentialAction":[{"@type":"SearchAction","target":{"@type":"EntryPoint","urlTemplate":"https:\/\/www.agorabcn.com\/ca\/?s={search_term_string}"},"query-input":{"@type":"PropertyValueSpecification","valueRequired":true,"valueName":"search_term_string"}}],"inLanguage":"ca"}]}},"_links":{"self":[{"href":"https:\/\/www.agorabcn.com\/ca\/wp-json\/wp\/v2\/pages\/738","targetHints":{"allow":["GET"]}}],"collection":[{"href":"https:\/\/www.agorabcn.com\/ca\/wp-json\/wp\/v2\/pages"}],"about":[{"href":"https:\/\/www.agorabcn.com\/ca\/wp-json\/wp\/v2\/types\/page"}],"author":[{"embeddable":true,"href":"https:\/\/www.agorabcn.com\/ca\/wp-json\/wp\/v2\/users\/1"}],"replies":[{"embeddable":true,"href":"https:\/\/www.agorabcn.com\/ca\/wp-json\/wp\/v2\/comments?post=738"}],"version-history":[{"count":5,"href":"https:\/\/www.agorabcn.com\/ca\/wp-json\/wp\/v2\/pages\/738\/revisions"}],"predecessor-version":[{"id":1853,"href":"https:\/\/www.agorabcn.com\/ca\/wp-json\/wp\/v2\/pages\/738\/revisions\/1853"}],"wp:attachment":[{"href":"https:\/\/www.agorabcn.com\/ca\/wp-json\/wp\/v2\/media?parent=738"}],"curies":[{"name":"wp","href":"https:\/\/api.w.org\/{rel}","templated":true}]}}