{"id":501,"date":"2022-02-14T13:18:31","date_gmt":"2022-02-14T13:18:31","guid":{"rendered":"http:\/\/13.36.145.80\/index.php\/alojamientos\/"},"modified":"2026-01-26T09:17:39","modified_gmt":"2026-01-26T09:17:39","slug":"allotjaments","status":"publish","type":"page","link":"https:\/\/www.agorabcn.com\/ca\/allotjaments\/","title":{"rendered":"Allotjaments a la teva mida"},"content":{"rendered":"\n<div class=\"wp-block-cover is-light\"><img loading=\"lazy\" decoding=\"async\" width=\"1366\" height=\"724\" class=\"wp-block-cover__image-background wp-image-1320\" alt=\"\" src=\"http:\/\/13.36.145.80\/wp-content\/uploads\/2022\/03\/Header.jpg\" data-object-fit=\"cover\" srcset=\"https:\/\/www.agorabcn.com\/wp-content\/uploads\/2022\/03\/Header.jpg 1366w, https:\/\/www.agorabcn.com\/wp-content\/uploads\/2022\/03\/Header-1024x543.jpg 1024w, https:\/\/www.agorabcn.com\/wp-content\/uploads\/2022\/03\/Header-768x407.jpg 768w\" sizes=\"auto, (max-width: 1366px) 100vw, 1366px\" \/><span aria-hidden=\"true\" class=\"wp-block-cover__background has-background-dim\"><\/span><div class=\"wp-block-cover__inner-container is-layout-flow wp-block-cover-is-layout-flow\">\n<div class=\"wp-block-group wrapper\"><div class=\"wp-block-group__inner-container is-layout-flow wp-block-group-is-layout-flow\">\n<h1 class=\"wp-block-heading\" id=\"solo-o-en-grupo-tenemos-espacios-para-ti\">Sol o en grup, tenim <strong>Espais per a tu<\/strong><\/h1>\n\n\n\n<ul class=\"wp-block-list\">\n<li><a href=\"#estudiantes\">Estudiants<\/a><\/li>\n\n\n\n<li><a href=\"#grupos\">Grups<\/a><\/li>\n\n\n\n<li><a href=\"#profesores\">Professors<\/a><\/li>\n\n\n\n<li><a href=\"#grupos-deportivos\">Grups esportius<\/a><\/li>\n<\/ul>\n<\/div><\/div>\n<\/div><\/div>\n\n\n\n<div class=\"wp-block-media-text alignwide has-media-on-the-right is-stacked-on-mobile wrapper padding html\" id=\"estudiantes\"><div class=\"wp-block-media-text__content\">\n<h2 class=\"wp-block-heading\" id=\"estudiantes\">Estudiants<\/h2>\n\n\n\n<p>Viu a \u00c0gora BCN aquesta etapa universit\u00e0ria \u00fanica. Tenim tot el necessari perqu\u00e8 aprofitis el teu temps d&#8217;estudi al m\u00e0xim i obtinguis els millors resultats. En el teu temps lliure gaudeix juntament amb altres estudiants, nacionals i internacionals, en les diferents zones d&#8217;oci de la resid\u00e8ncia: terrassa, jard\u00ed, sala recreativa, sala de m\u00fasica, zones esportives i molt m\u00e9s.<\/p>\n\n\n\n<p class=\"btn\"><a href=\"https:\/\/www.agorabcn.com\/ca\/habitacions-i-tarifes\/\">tria la teva habitaci\u00f3<\/a><\/p>\n<\/div><figure class=\"wp-block-media-text__media\"><img decoding=\"async\" src=\"https:\/\/www.agorabcn.com\/wp-content\/uploads\/2026\/01\/Estudiantes.jpg\" alt=\"\" class=\"wp-image-32197 size-full\"\/><\/figure><\/div>\n\n\n\n<div class=\"wp-block-media-text alignwide is-stacked-on-mobile wrapper padding html\" id=\"grupos\"><figure class=\"wp-block-media-text__media\"><img loading=\"lazy\" decoding=\"async\" width=\"1024\" height=\"769\" src=\"https:\/\/www.agorabcn.com\/wp-content\/uploads\/2022\/04\/imagenes-web-agoragrupos_optimized-1.jpg\" alt=\"\" class=\"wp-image-1579 size-full\" srcset=\"https:\/\/www.agorabcn.com\/wp-content\/uploads\/2022\/04\/imagenes-web-agoragrupos_optimized-1.jpg 1024w, https:\/\/www.agorabcn.com\/wp-content\/uploads\/2022\/04\/imagenes-web-agoragrupos_optimized-1-768x577.jpg 768w\" sizes=\"auto, (max-width: 1024px) 100vw, 1024px\" \/><\/figure><div class=\"wp-block-media-text__content\">\n<h2 class=\"wp-block-heading\" id=\"estudiantes\">Grups<\/h2>\n\n\n\n<p>Si sou un grup d&#8217;intercanvi, de viatge acad\u00e8mic o assistiu a algun esdeveniment, la nostra resid\u00e8ncia disposa de 220 habitacions i \u00e9s la indicada per a adaptar-se i cobrir les vostres necessitats. Gaudiu d&#8217;aquesta experi\u00e8ncia inigualable.<\/p>\n\n\n\n<p class=\"btn\"><a href=\"https:\/\/www.agorabcn.com\/ca\/habitacions-i-tarifes\/\">tria la teva habitaci\u00f3<\/a><\/p>\n<\/div><\/div>\n\n\n\n<div class=\"wp-block-media-text alignwide has-media-on-the-right is-stacked-on-mobile wrapper padding html\" id=\"profesores\"><div class=\"wp-block-media-text__content\">\n<h2 class=\"wp-block-heading\" id=\"estudiantes\">Professors<\/h2>\n\n\n\n<p>Disfruta de la teva estan\u00e7a a Barcelona i reserva amb nosaltres una habitaci\u00f3 c\u00f2moda i ben ubicada. A nom\u00e9s 5 minuts del campus CETT i 15 minuts del centre de la ciutat. Concentrat en la teva feina i deixa a les nostres mans els serveis de neteja i cuina.<\/p>\n\n\n\n<p class=\"btn\"><a href=\"https:\/\/www.agorabcn.com\/ca\/habitacions-i-tarifes\/\">Tria la teva habitaci\u00f3<\/a><\/p>\n<\/div><figure class=\"wp-block-media-text__media\"><img decoding=\"async\" src=\"https:\/\/www.agorabcn.com\/wp-content\/uploads\/2026\/01\/profesores.jpg\" alt=\"\" class=\"wp-image-32198 size-full\"\/><\/figure><\/div>\n\n\n\n<div class=\"wp-block-media-text alignwide is-stacked-on-mobile wrapper padding html\" id=\"grupos-deportivos\"><figure class=\"wp-block-media-text__media\"><img loading=\"lazy\" decoding=\"async\" width=\"1024\" height=\"769\" src=\"https:\/\/www.agorabcn.com\/wp-content\/uploads\/2022\/04\/imagenes-web-agoradeportivo_optimized-1.jpg\" alt=\"\" class=\"wp-image-1591 size-full\" srcset=\"https:\/\/www.agorabcn.com\/wp-content\/uploads\/2022\/04\/imagenes-web-agoradeportivo_optimized-1.jpg 1024w, https:\/\/www.agorabcn.com\/wp-content\/uploads\/2022\/04\/imagenes-web-agoradeportivo_optimized-1-768x577.jpg 768w\" sizes=\"auto, (max-width: 1024px) 100vw, 1024px\" \/><\/figure><div class=\"wp-block-media-text__content\">\n<h2 class=\"wp-block-heading\" id=\"estudiantes\">Grups esportius<\/h2>\n\n\n\n<p>Tant si veniu per un torneig o per entrenar, us oferim plans i estances flexibles per a grups esportius. Tamb\u00e9 d&#8217;aprofitar totes les comoditats de la nostra resid\u00e8ncia, podreu disfrutar d&#8217;un gimn\u00e0s obert les 24 hores i una pista poliesportiva perqu\u00e8 no us perdeu cap entrenament. A m\u00e9s, el nostre restaurant ofereix una \u00e0mplia varietat de plats saludables i equilibrats, amb la possibilitat d&#8217;adaptar la dieta per a tota mena d&#8217;esportistes.<\/p>\n\n\n\n<p class=\"btn\"><a href=\"https:\/\/www.agorabcn.com\/ca\/habitacions-i-tarifes\/\">Tria la teva habitaci\u00f3<\/a><\/p>\n<\/div><\/div>\n","protected":false},"excerpt":{"rendered":"<p>Estudiants Viu a \u00c0gora BCN aquesta etapa universit\u00e0ria \u00fanica. Tenim tot el necessari perqu\u00e8 aprofitis el teu temps d&#8217;estudi al m\u00e0xim i obtinguis els millors resultats. En el teu temps lliure gaudeix juntament amb altres estudiants, nacionals i internacionals, en les diferents zones d&#8217;oci de la resid\u00e8ncia: terrassa, jard\u00ed, sala recreativa, sala de m\u00fasica, zones [&hellip;]<\/p>\n","protected":false},"author":1,"featured_media":0,"parent":0,"menu_order":0,"comment_status":"closed","ping_status":"closed","template":"","meta":{"_acf_changed":false,"footnotes":""},"class_list":["post-501","page","type-page","status-publish","hentry"],"acf":[],"yoast_head":"<!-- This site is optimized with the Yoast SEO plugin v27.5 - https:\/\/yoast.com\/product\/yoast-seo-wordpress\/ -->\n<title>Allotjaments a la teva mida - \u00c0gora Bcn<\/title>\n<meta name=\"description\" content=\"A la resid\u00e8ncia universit\u00e0ria \u00c0gora oferim als estudiants i professors tota mena d&#039;habitacions. Consulteu tota la informaci\u00f3 aqu\u00ed.\" \/>\n<meta name=\"robots\" content=\"index, follow, max-snippet:-1, max-image-preview:large, max-video-preview:-1\" \/>\n<link rel=\"canonical\" href=\"https:\/\/www.agorabcn.com\/ca\/allotjaments\/\" \/>\n<meta property=\"og:locale\" content=\"ca_ES\" \/>\n<meta property=\"og:type\" content=\"article\" \/>\n<meta property=\"og:title\" content=\"Allotjaments a la teva mida - \u00c0gora Bcn\" \/>\n<meta property=\"og:description\" content=\"A la resid\u00e8ncia universit\u00e0ria \u00c0gora oferim als estudiants i professors tota mena d&#039;habitacions. Consulteu tota la informaci\u00f3 aqu\u00ed.\" \/>\n<meta property=\"og:url\" content=\"https:\/\/www.agorabcn.com\/ca\/allotjaments\/\" \/>\n<meta property=\"og:site_name\" content=\"\u00c0gora Bcn\" \/>\n<meta property=\"article:modified_time\" content=\"2026-01-26T09:17:39+00:00\" \/>\n<meta property=\"og:image\" content=\"http:\/\/13.36.145.80\/wp-content\/uploads\/2022\/03\/Header.jpg\" \/>\n<meta name=\"twitter:card\" content=\"summary_large_image\" \/>\n<meta name=\"twitter:label1\" content=\"Temps estimat de lectura\" \/>\n\t<meta name=\"twitter:data1\" content=\"3 minuts\" \/>\n<script type=\"application\/ld+json\" class=\"yoast-schema-graph\">{\"@context\":\"https:\\\/\\\/schema.org\",\"@graph\":[{\"@type\":\"WebPage\",\"@id\":\"https:\\\/\\\/www.agorabcn.com\\\/ca\\\/allotjaments\\\/\",\"url\":\"https:\\\/\\\/www.agorabcn.com\\\/ca\\\/allotjaments\\\/\",\"name\":\"Allotjaments a la teva mida - \u00c0gora Bcn\",\"isPartOf\":{\"@id\":\"https:\\\/\\\/www.agorabcn.com\\\/ca\\\/#website\"},\"primaryImageOfPage\":{\"@id\":\"https:\\\/\\\/www.agorabcn.com\\\/ca\\\/allotjaments\\\/#primaryimage\"},\"image\":{\"@id\":\"https:\\\/\\\/www.agorabcn.com\\\/ca\\\/allotjaments\\\/#primaryimage\"},\"thumbnailUrl\":\"http:\\\/\\\/13.36.145.80\\\/wp-content\\\/uploads\\\/2022\\\/03\\\/Header.jpg\",\"datePublished\":\"2022-02-14T13:18:31+00:00\",\"dateModified\":\"2026-01-26T09:17:39+00:00\",\"description\":\"A la resid\u00e8ncia universit\u00e0ria \u00c0gora oferim als estudiants i professors tota mena d'habitacions. Consulteu tota la informaci\u00f3 aqu\u00ed.\",\"breadcrumb\":{\"@id\":\"https:\\\/\\\/www.agorabcn.com\\\/ca\\\/allotjaments\\\/#breadcrumb\"},\"inLanguage\":\"ca\",\"potentialAction\":[{\"@type\":\"ReadAction\",\"target\":[\"https:\\\/\\\/www.agorabcn.com\\\/ca\\\/allotjaments\\\/\"]}]},{\"@type\":\"ImageObject\",\"inLanguage\":\"ca\",\"@id\":\"https:\\\/\\\/www.agorabcn.com\\\/ca\\\/allotjaments\\\/#primaryimage\",\"url\":\"http:\\\/\\\/13.36.145.80\\\/wp-content\\\/uploads\\\/2022\\\/03\\\/Header.jpg\",\"contentUrl\":\"http:\\\/\\\/13.36.145.80\\\/wp-content\\\/uploads\\\/2022\\\/03\\\/Header.jpg\"},{\"@type\":\"BreadcrumbList\",\"@id\":\"https:\\\/\\\/www.agorabcn.com\\\/ca\\\/allotjaments\\\/#breadcrumb\",\"itemListElement\":[{\"@type\":\"ListItem\",\"position\":1,\"name\":\"Portada\",\"item\":\"https:\\\/\\\/www.agorabcn.com\\\/ca\\\/\"},{\"@type\":\"ListItem\",\"position\":2,\"name\":\"Allotjaments a la teva mida\"}]},{\"@type\":\"WebSite\",\"@id\":\"https:\\\/\\\/www.agorabcn.com\\\/ca\\\/#website\",\"url\":\"https:\\\/\\\/www.agorabcn.com\\\/ca\\\/\",\"name\":\"\u00c0gora Bcn\",\"description\":\"Residencia universitaria internacional en Barcelona\",\"potentialAction\":[{\"@type\":\"SearchAction\",\"target\":{\"@type\":\"EntryPoint\",\"urlTemplate\":\"https:\\\/\\\/www.agorabcn.com\\\/ca\\\/?s={search_term_string}\"},\"query-input\":{\"@type\":\"PropertyValueSpecification\",\"valueRequired\":true,\"valueName\":\"search_term_string\"}}],\"inLanguage\":\"ca\"}]}<\/script>\n<!-- \/ Yoast SEO plugin. -->","yoast_head_json":{"title":"Allotjaments a la teva mida - \u00c0gora Bcn","description":"A la resid\u00e8ncia universit\u00e0ria \u00c0gora oferim als estudiants i professors tota mena d'habitacions. Consulteu tota la informaci\u00f3 aqu\u00ed.","robots":{"index":"index","follow":"follow","max-snippet":"max-snippet:-1","max-image-preview":"max-image-preview:large","max-video-preview":"max-video-preview:-1"},"canonical":"https:\/\/www.agorabcn.com\/ca\/allotjaments\/","og_locale":"ca_ES","og_type":"article","og_title":"Allotjaments a la teva mida - \u00c0gora Bcn","og_description":"A la resid\u00e8ncia universit\u00e0ria \u00c0gora oferim als estudiants i professors tota mena d'habitacions. Consulteu tota la informaci\u00f3 aqu\u00ed.","og_url":"https:\/\/www.agorabcn.com\/ca\/allotjaments\/","og_site_name":"\u00c0gora Bcn","article_modified_time":"2026-01-26T09:17:39+00:00","og_image":[{"url":"http:\/\/13.36.145.80\/wp-content\/uploads\/2022\/03\/Header.jpg","type":"","width":"","height":""}],"twitter_card":"summary_large_image","twitter_misc":{"Temps estimat de lectura":"3 minuts"},"schema":{"@context":"https:\/\/schema.org","@graph":[{"@type":"WebPage","@id":"https:\/\/www.agorabcn.com\/ca\/allotjaments\/","url":"https:\/\/www.agorabcn.com\/ca\/allotjaments\/","name":"Allotjaments a la teva mida - \u00c0gora Bcn","isPartOf":{"@id":"https:\/\/www.agorabcn.com\/ca\/#website"},"primaryImageOfPage":{"@id":"https:\/\/www.agorabcn.com\/ca\/allotjaments\/#primaryimage"},"image":{"@id":"https:\/\/www.agorabcn.com\/ca\/allotjaments\/#primaryimage"},"thumbnailUrl":"http:\/\/13.36.145.80\/wp-content\/uploads\/2022\/03\/Header.jpg","datePublished":"2022-02-14T13:18:31+00:00","dateModified":"2026-01-26T09:17:39+00:00","description":"A la resid\u00e8ncia universit\u00e0ria \u00c0gora oferim als estudiants i professors tota mena d'habitacions. Consulteu tota la informaci\u00f3 aqu\u00ed.","breadcrumb":{"@id":"https:\/\/www.agorabcn.com\/ca\/allotjaments\/#breadcrumb"},"inLanguage":"ca","potentialAction":[{"@type":"ReadAction","target":["https:\/\/www.agorabcn.com\/ca\/allotjaments\/"]}]},{"@type":"ImageObject","inLanguage":"ca","@id":"https:\/\/www.agorabcn.com\/ca\/allotjaments\/#primaryimage","url":"http:\/\/13.36.145.80\/wp-content\/uploads\/2022\/03\/Header.jpg","contentUrl":"http:\/\/13.36.145.80\/wp-content\/uploads\/2022\/03\/Header.jpg"},{"@type":"BreadcrumbList","@id":"https:\/\/www.agorabcn.com\/ca\/allotjaments\/#breadcrumb","itemListElement":[{"@type":"ListItem","position":1,"name":"Portada","item":"https:\/\/www.agorabcn.com\/ca\/"},{"@type":"ListItem","position":2,"name":"Allotjaments a la teva mida"}]},{"@type":"WebSite","@id":"https:\/\/www.agorabcn.com\/ca\/#website","url":"https:\/\/www.agorabcn.com\/ca\/","name":"\u00c0gora Bcn","description":"Residencia universitaria internacional en Barcelona","potentialAction":[{"@type":"SearchAction","target":{"@type":"EntryPoint","urlTemplate":"https:\/\/www.agorabcn.com\/ca\/?s={search_term_string}"},"query-input":{"@type":"PropertyValueSpecification","valueRequired":true,"valueName":"search_term_string"}}],"inLanguage":"ca"}]}},"_links":{"self":[{"href":"https:\/\/www.agorabcn.com\/ca\/wp-json\/wp\/v2\/pages\/501","targetHints":{"allow":["GET"]}}],"collection":[{"href":"https:\/\/www.agorabcn.com\/ca\/wp-json\/wp\/v2\/pages"}],"about":[{"href":"https:\/\/www.agorabcn.com\/ca\/wp-json\/wp\/v2\/types\/page"}],"author":[{"embeddable":true,"href":"https:\/\/www.agorabcn.com\/ca\/wp-json\/wp\/v2\/users\/1"}],"replies":[{"embeddable":true,"href":"https:\/\/www.agorabcn.com\/ca\/wp-json\/wp\/v2\/comments?post=501"}],"version-history":[{"count":6,"href":"https:\/\/www.agorabcn.com\/ca\/wp-json\/wp\/v2\/pages\/501\/revisions"}],"predecessor-version":[{"id":32199,"href":"https:\/\/www.agorabcn.com\/ca\/wp-json\/wp\/v2\/pages\/501\/revisions\/32199"}],"wp:attachment":[{"href":"https:\/\/www.agorabcn.com\/ca\/wp-json\/wp\/v2\/media?parent=501"}],"curies":[{"name":"wp","href":"https:\/\/api.w.org\/{rel}","templated":true}]}}