{"id":11795,"date":"2025-04-30T13:34:40","date_gmt":"2025-04-30T13:34:40","guid":{"rendered":"https:\/\/www.agorabcn.com\/sostenibilidad\/"},"modified":"2026-03-04T09:06:23","modified_gmt":"2026-03-04T09:06:23","slug":"sostenibilitat","status":"publish","type":"page","link":"https:\/\/www.agorabcn.com\/ca\/sostenibilitat\/","title":{"rendered":"Sostenibilitat de la Resid\u00e8ncia"},"content":{"rendered":"\n<div class=\"wp-block-cover aligncenter is-light\"><img loading=\"lazy\" decoding=\"async\" width=\"1024\" height=\"683\" class=\"wp-block-cover__image-background wp-image-11758 size-large\" alt=\"\" src=\"https:\/\/www.agorabcn.com\/wp-content\/uploads\/2025\/04\/agora_bcn_capcalara-1024x683.webp\" data-object-fit=\"cover\" srcset=\"https:\/\/www.agorabcn.com\/wp-content\/uploads\/2025\/04\/agora_bcn_capcalara-1024x683.webp 1024w, https:\/\/www.agorabcn.com\/wp-content\/uploads\/2025\/04\/agora_bcn_capcalara-768x512.webp 768w, https:\/\/www.agorabcn.com\/wp-content\/uploads\/2025\/04\/agora_bcn_capcalara-1536x1024.webp 1536w, https:\/\/www.agorabcn.com\/wp-content\/uploads\/2025\/04\/agora_bcn_capcalara.webp 1920w\" sizes=\"auto, (max-width: 1024px) 100vw, 1024px\" \/><span aria-hidden=\"true\" class=\"wp-block-cover__background has-background-dim\" style=\"background-color:#8fa36e\"><\/span><div class=\"wp-block-cover__inner-container is-layout-flow wp-block-cover-is-layout-flow\">\n<div class=\"wp-block-group wrapper\"><div class=\"wp-block-group__inner-container is-layout-flow wp-block-group-is-layout-flow\">\n<h1 class=\"wp-block-heading\" id=\"quienes-somos\"><strong><strong><strong><strong>Resid\u00e8ncia \u00c0gora: Compromesos amb la Sostenibilitat<\/strong><\/strong><\/strong><\/strong><\/h1>\n<\/div><\/div>\n<\/div><\/div>\n\n\n\n<div style=\"height:100px\" aria-hidden=\"true\" class=\"wp-block-spacer\"><\/div>\n\n\n\n<div class=\"wp-block-columns is-layout-flex wp-container-core-columns-is-layout-9d6595d7 wp-block-columns-is-layout-flex\">\n<div class=\"wp-block-column is-layout-flow wp-block-column-is-layout-flow\" style=\"flex-basis:20%\"><\/div>\n\n\n\n<div class=\"wp-block-column is-layout-flow wp-block-column-is-layout-flow\">\n<p class=\"has-text-align-center padding-bottom has-medium-font-size\">A la Resid\u00e8ncia \u00c0gora, creiem fermament en la import\u00e0ncia de la sostenibilitat i la cura del medi ambient. El nostre comprom\u00eds es reflecteix en tots els aspectes de les nostres operacions di\u00e0ries, des de l\u2019\u00fas eficient dels recursos fins a la implementaci\u00f3 de pr\u00e0ctiques ecol\u00f2giques innovadores.<\/p>\n<\/div>\n\n\n\n<div class=\"wp-block-column is-layout-flow wp-block-column-is-layout-flow\" style=\"flex-basis:20%\"><\/div>\n<\/div>\n\n\n\n<div class=\"wp-block-group padding wrapper\"><div class=\"wp-block-group__inner-container is-layout-flow wp-block-group-is-layout-flow\">\n<div class=\"wp-block-media-text alignwide is-stacked-on-mobile html\"><figure class=\"wp-block-media-text__media\"><img loading=\"lazy\" decoding=\"async\" width=\"1024\" height=\"683\" src=\"https:\/\/www.agorabcn.com\/wp-content\/uploads\/2025\/04\/agora-politica-de-qualitat-bloc-1-1024x683.webp\" alt=\"\" class=\"wp-image-11761 size-full\" srcset=\"https:\/\/www.agorabcn.com\/wp-content\/uploads\/2025\/04\/agora-politica-de-qualitat-bloc-1-1024x683.webp 1024w, https:\/\/www.agorabcn.com\/wp-content\/uploads\/2025\/04\/agora-politica-de-qualitat-bloc-1-768x512.webp 768w, https:\/\/www.agorabcn.com\/wp-content\/uploads\/2025\/04\/agora-politica-de-qualitat-bloc-1-1536x1025.webp 1536w, https:\/\/www.agorabcn.com\/wp-content\/uploads\/2025\/04\/agora-politica-de-qualitat-bloc-1.webp 1920w\" sizes=\"auto, (max-width: 1024px) 100vw, 1024px\" \/><\/figure><div class=\"wp-block-media-text__content\">\n<h2 class=\"wp-block-heading\"><strong><strong>Pol\u00edtica de Qualitat i Sostenibilitat<\/strong>:<\/strong><\/h2>\n\n\n\n<p>Reafirmant el nostre comprom\u00eds amb el medi ambient, hem creat aquesta pol\u00edtica multifactorial amb la voluntat d\u2019integrar criteris de sostenibilitat i qualitat en tots els nostres processos, apostar per la millora cont\u00ednua i aportar els recursos necessaris per obtenir els millors resultats.<\/p>\n\n\n\n<p><a href=\"https:\/\/www.agorabcn.com\/wp-content\/uploads\/2025\/11\/Politica-Qualitat-Agora-_v1signed.pdf\" target=\"_blank\" rel=\"noreferrer noopener\">Pots consultar aqu\u00ed la pol\u00edtica mediambiental<\/a> \u2192<\/p>\n<\/div><\/div>\n<\/div><\/div>\n\n\n\n<div class=\"wp-block-group padding wrapper\"><div class=\"wp-block-group__inner-container is-layout-flow wp-block-group-is-layout-flow\">\n<div class=\"wp-block-media-text alignwide has-media-on-the-right is-stacked-on-mobile html\"><div class=\"wp-block-media-text__content\">\n<h2 class=\"wp-block-heading\"><strong><strong>Certificaci\u00f3 Mediambiental EMAS<\/strong><\/strong><\/h2>\n\n\n\n<p>Des d\u2019aquest any, <strong>EMAS<\/strong> ens certifica com una <strong>resid\u00e8ncia compromesa amb la millora cont\u00ednua i la reducci\u00f3 de la nostra petjada ambiental<\/strong>, integrant la sostenibilitat com a part essencial de la nostra gesti\u00f3 i de la nostra proposta de valor.<\/p>\n\n\n\n<p><strong>EMAS<\/strong> \u00e9s l\u2019acr\u00f2nim d\u2019<em>Eco-Management and Audit Scheme<\/em>, una organitzaci\u00f3 d\u2019adhesi\u00f3 volunt\u00e0ria adre\u00e7ada a negocis que volen avaluar, gestionar i millorar de manera cont\u00ednua el seu comportament ambiental, garantint alhora la <strong>m\u00e0xima transpar\u00e8ncia davant clients, col\u00b7laboradors i la societat<\/strong>.<\/p>\n\n\n\n<p>El seu objectiu principal \u00e9s fomentar la millora cont\u00ednua del rendiment ambiental de les empreses mitjan\u00e7ant <strong>l\u2019avaluaci\u00f3 sistem\u00e0tica del seu impacte, el compliment rigor\u00f3s de la normativa vigent i la definici\u00f3 de fites concretes orientades a la sostenibilitat.<\/strong> A trav\u00e9s d\u2019auditories peri\u00f2diques i de la verificaci\u00f3 per part d\u2019organismes independents, <strong>EMAS<\/strong> assegura la fiabilitat i credibilitat de la informaci\u00f3 ambiental que comunica l\u2019organitzaci\u00f3.<\/p>\n\n\n\n<p><a href=\"https:\/\/www.agorabcn.com\/wp-content\/uploads\/2026\/03\/Declaracio-Ambiental-Agora-2024-v.1-1.pdf\" target=\"_blank\" rel=\"noreferrer noopener\">Consulta aqu\u00ed la nostra Declaraci\u00f3 Ambiental<\/a> \u2192<\/p>\n<\/div><figure class=\"wp-block-media-text__media\"><img decoding=\"async\" src=\"https:\/\/www.agorabcn.com\/wp-content\/uploads\/2026\/03\/AGORA_04-1024x683.webp\" alt=\"Agora Certificaci\u00f3n Medioambiental\" class=\"wp-image-32573 size-full\"\/><\/figure><\/div>\n<\/div><\/div>\n","protected":false},"excerpt":{"rendered":"<p>A la Resid\u00e8ncia \u00c0gora, creiem fermament en la import\u00e0ncia de la sostenibilitat i la cura del medi ambient. El nostre comprom\u00eds es reflecteix en tots els aspectes de les nostres operacions di\u00e0ries, des de l\u2019\u00fas eficient dels recursos fins a la implementaci\u00f3 de pr\u00e0ctiques ecol\u00f2giques innovadores. Pol\u00edtica de Qualitat i Sostenibilitat: Reafirmant el nostre comprom\u00eds [&hellip;]<\/p>\n","protected":false},"author":1,"featured_media":0,"parent":0,"menu_order":0,"comment_status":"closed","ping_status":"closed","template":"","meta":{"_acf_changed":false,"footnotes":""},"class_list":["post-11795","page","type-page","status-publish","hentry"],"acf":[],"yoast_head":"<!-- This site is optimized with the Yoast SEO plugin v27.6 - https:\/\/yoast.com\/product\/yoast-seo-wordpress\/ -->\n<title>Sostenibilitat de la Resid\u00e8ncia - \u00c0gora Bcn<\/title>\n<meta name=\"description\" content=\"\u00c0GORA BCN es un espacio ideal para el estudio y la formaci\u00f3n. En \u00c0GORA BCN encontrar\u00e1s todo lo que necesites para sentirte como en casa.\" \/>\n<meta name=\"robots\" content=\"index, follow, max-snippet:-1, max-image-preview:large, max-video-preview:-1\" \/>\n<link rel=\"canonical\" href=\"https:\/\/www.agorabcn.com\/ca\/sostenibilitat\/\" \/>\n<meta property=\"og:locale\" content=\"ca_ES\" \/>\n<meta property=\"og:type\" content=\"article\" \/>\n<meta property=\"og:title\" content=\"Sostenibilitat de la Resid\u00e8ncia - \u00c0gora Bcn\" \/>\n<meta property=\"og:description\" content=\"\u00c0GORA BCN es un espacio ideal para el estudio y la formaci\u00f3n. En \u00c0GORA BCN encontrar\u00e1s todo lo que necesites para sentirte como en casa.\" \/>\n<meta property=\"og:url\" content=\"https:\/\/www.agorabcn.com\/ca\/sostenibilitat\/\" \/>\n<meta property=\"og:site_name\" content=\"\u00c0gora Bcn\" \/>\n<meta property=\"article:modified_time\" content=\"2026-03-04T09:06:23+00:00\" \/>\n<meta property=\"og:image\" content=\"https:\/\/www.agorabcn.com\/wp-content\/uploads\/2025\/04\/agora_bcn_capcalara-1024x683.webp\" \/>\n<meta name=\"twitter:card\" content=\"summary_large_image\" \/>\n<meta name=\"twitter:label1\" content=\"Temps estimat de lectura\" \/>\n\t<meta name=\"twitter:data1\" content=\"2 minuts\" \/>\n<script type=\"application\/ld+json\" class=\"yoast-schema-graph\">{\"@context\":\"https:\\\/\\\/schema.org\",\"@graph\":[{\"@type\":\"WebPage\",\"@id\":\"https:\\\/\\\/www.agorabcn.com\\\/ca\\\/sostenibilitat\\\/\",\"url\":\"https:\\\/\\\/www.agorabcn.com\\\/ca\\\/sostenibilitat\\\/\",\"name\":\"Sostenibilitat de la Resid\u00e8ncia - \u00c0gora Bcn\",\"isPartOf\":{\"@id\":\"https:\\\/\\\/www.agorabcn.com\\\/ca\\\/#website\"},\"primaryImageOfPage\":{\"@id\":\"https:\\\/\\\/www.agorabcn.com\\\/ca\\\/sostenibilitat\\\/#primaryimage\"},\"image\":{\"@id\":\"https:\\\/\\\/www.agorabcn.com\\\/ca\\\/sostenibilitat\\\/#primaryimage\"},\"thumbnailUrl\":\"https:\\\/\\\/www.agorabcn.com\\\/wp-content\\\/uploads\\\/2025\\\/04\\\/agora_bcn_capcalara-1024x683.webp\",\"datePublished\":\"2025-04-30T13:34:40+00:00\",\"dateModified\":\"2026-03-04T09:06:23+00:00\",\"description\":\"\u00c0GORA BCN es un espacio ideal para el estudio y la formaci\u00f3n. En \u00c0GORA BCN encontrar\u00e1s todo lo que necesites para sentirte como en casa.\",\"breadcrumb\":{\"@id\":\"https:\\\/\\\/www.agorabcn.com\\\/ca\\\/sostenibilitat\\\/#breadcrumb\"},\"inLanguage\":\"ca\",\"potentialAction\":[{\"@type\":\"ReadAction\",\"target\":[\"https:\\\/\\\/www.agorabcn.com\\\/ca\\\/sostenibilitat\\\/\"]}]},{\"@type\":\"ImageObject\",\"inLanguage\":\"ca\",\"@id\":\"https:\\\/\\\/www.agorabcn.com\\\/ca\\\/sostenibilitat\\\/#primaryimage\",\"url\":\"https:\\\/\\\/www.agorabcn.com\\\/wp-content\\\/uploads\\\/2025\\\/04\\\/agora_bcn_capcalara-1024x683.webp\",\"contentUrl\":\"https:\\\/\\\/www.agorabcn.com\\\/wp-content\\\/uploads\\\/2025\\\/04\\\/agora_bcn_capcalara-1024x683.webp\"},{\"@type\":\"BreadcrumbList\",\"@id\":\"https:\\\/\\\/www.agorabcn.com\\\/ca\\\/sostenibilitat\\\/#breadcrumb\",\"itemListElement\":[{\"@type\":\"ListItem\",\"position\":1,\"name\":\"Portada\",\"item\":\"https:\\\/\\\/13.36.145.80\\\/ca\\\/\"},{\"@type\":\"ListItem\",\"position\":2,\"name\":\"Sostenibilitat de la Resid\u00e8ncia\"}]},{\"@type\":\"WebSite\",\"@id\":\"https:\\\/\\\/www.agorabcn.com\\\/ca\\\/#website\",\"url\":\"https:\\\/\\\/www.agorabcn.com\\\/ca\\\/\",\"name\":\"\u00c0gora Bcn\",\"description\":\"Residencia universitaria internacional en Barcelona\",\"potentialAction\":[{\"@type\":\"SearchAction\",\"target\":{\"@type\":\"EntryPoint\",\"urlTemplate\":\"https:\\\/\\\/www.agorabcn.com\\\/ca\\\/?s={search_term_string}\"},\"query-input\":{\"@type\":\"PropertyValueSpecification\",\"valueRequired\":true,\"valueName\":\"search_term_string\"}}],\"inLanguage\":\"ca\"}]}<\/script>\n<!-- \/ Yoast SEO plugin. -->","yoast_head_json":{"title":"Sostenibilitat de la Resid\u00e8ncia - \u00c0gora Bcn","description":"\u00c0GORA BCN es un espacio ideal para el estudio y la formaci\u00f3n. En \u00c0GORA BCN encontrar\u00e1s todo lo que necesites para sentirte como en casa.","robots":{"index":"index","follow":"follow","max-snippet":"max-snippet:-1","max-image-preview":"max-image-preview:large","max-video-preview":"max-video-preview:-1"},"canonical":"https:\/\/www.agorabcn.com\/ca\/sostenibilitat\/","og_locale":"ca_ES","og_type":"article","og_title":"Sostenibilitat de la Resid\u00e8ncia - \u00c0gora Bcn","og_description":"\u00c0GORA BCN es un espacio ideal para el estudio y la formaci\u00f3n. En \u00c0GORA BCN encontrar\u00e1s todo lo que necesites para sentirte como en casa.","og_url":"https:\/\/www.agorabcn.com\/ca\/sostenibilitat\/","og_site_name":"\u00c0gora Bcn","article_modified_time":"2026-03-04T09:06:23+00:00","og_image":[{"url":"https:\/\/www.agorabcn.com\/wp-content\/uploads\/2025\/04\/agora_bcn_capcalara-1024x683.webp","type":"","width":"","height":""}],"twitter_card":"summary_large_image","twitter_misc":{"Temps estimat de lectura":"2 minuts"},"schema":{"@context":"https:\/\/schema.org","@graph":[{"@type":"WebPage","@id":"https:\/\/www.agorabcn.com\/ca\/sostenibilitat\/","url":"https:\/\/www.agorabcn.com\/ca\/sostenibilitat\/","name":"Sostenibilitat de la Resid\u00e8ncia - \u00c0gora Bcn","isPartOf":{"@id":"https:\/\/www.agorabcn.com\/ca\/#website"},"primaryImageOfPage":{"@id":"https:\/\/www.agorabcn.com\/ca\/sostenibilitat\/#primaryimage"},"image":{"@id":"https:\/\/www.agorabcn.com\/ca\/sostenibilitat\/#primaryimage"},"thumbnailUrl":"https:\/\/www.agorabcn.com\/wp-content\/uploads\/2025\/04\/agora_bcn_capcalara-1024x683.webp","datePublished":"2025-04-30T13:34:40+00:00","dateModified":"2026-03-04T09:06:23+00:00","description":"\u00c0GORA BCN es un espacio ideal para el estudio y la formaci\u00f3n. En \u00c0GORA BCN encontrar\u00e1s todo lo que necesites para sentirte como en casa.","breadcrumb":{"@id":"https:\/\/www.agorabcn.com\/ca\/sostenibilitat\/#breadcrumb"},"inLanguage":"ca","potentialAction":[{"@type":"ReadAction","target":["https:\/\/www.agorabcn.com\/ca\/sostenibilitat\/"]}]},{"@type":"ImageObject","inLanguage":"ca","@id":"https:\/\/www.agorabcn.com\/ca\/sostenibilitat\/#primaryimage","url":"https:\/\/www.agorabcn.com\/wp-content\/uploads\/2025\/04\/agora_bcn_capcalara-1024x683.webp","contentUrl":"https:\/\/www.agorabcn.com\/wp-content\/uploads\/2025\/04\/agora_bcn_capcalara-1024x683.webp"},{"@type":"BreadcrumbList","@id":"https:\/\/www.agorabcn.com\/ca\/sostenibilitat\/#breadcrumb","itemListElement":[{"@type":"ListItem","position":1,"name":"Portada","item":"https:\/\/13.36.145.80\/ca\/"},{"@type":"ListItem","position":2,"name":"Sostenibilitat de la Resid\u00e8ncia"}]},{"@type":"WebSite","@id":"https:\/\/www.agorabcn.com\/ca\/#website","url":"https:\/\/www.agorabcn.com\/ca\/","name":"\u00c0gora Bcn","description":"Residencia universitaria internacional en Barcelona","potentialAction":[{"@type":"SearchAction","target":{"@type":"EntryPoint","urlTemplate":"https:\/\/www.agorabcn.com\/ca\/?s={search_term_string}"},"query-input":{"@type":"PropertyValueSpecification","valueRequired":true,"valueName":"search_term_string"}}],"inLanguage":"ca"}]}},"_links":{"self":[{"href":"https:\/\/www.agorabcn.com\/ca\/wp-json\/wp\/v2\/pages\/11795","targetHints":{"allow":["GET"]}}],"collection":[{"href":"https:\/\/www.agorabcn.com\/ca\/wp-json\/wp\/v2\/pages"}],"about":[{"href":"https:\/\/www.agorabcn.com\/ca\/wp-json\/wp\/v2\/types\/page"}],"author":[{"embeddable":true,"href":"https:\/\/www.agorabcn.com\/ca\/wp-json\/wp\/v2\/users\/1"}],"replies":[{"embeddable":true,"href":"https:\/\/www.agorabcn.com\/ca\/wp-json\/wp\/v2\/comments?post=11795"}],"version-history":[{"count":8,"href":"https:\/\/www.agorabcn.com\/ca\/wp-json\/wp\/v2\/pages\/11795\/revisions"}],"predecessor-version":[{"id":32584,"href":"https:\/\/www.agorabcn.com\/ca\/wp-json\/wp\/v2\/pages\/11795\/revisions\/32584"}],"wp:attachment":[{"href":"https:\/\/www.agorabcn.com\/ca\/wp-json\/wp\/v2\/media?parent=11795"}],"curies":[{"name":"wp","href":"https:\/\/api.w.org\/{rel}","templated":true}]}}